{"id":87,"date":"2024-02-05T23:24:19","date_gmt":"2024-02-05T23:24:19","guid":{"rendered":"https:\/\/sanacionqanil.org.gt\/?page_id=87"},"modified":"2024-02-20T16:29:30","modified_gmt":"2024-02-20T16:29:30","slug":"elementor-87","status":"publish","type":"page","link":"https:\/\/sanacionqanil.org.gt\/en\/elementor-87\/","title":{"rendered":"Companion programs"},"content":{"rendered":"<div data-elementor-type=\"wp-page\" data-elementor-id=\"87\" class=\"elementor elementor-87\" data-elementor-post-type=\"page\">\n\t\t\t\t<div class=\"elementor-element elementor-element-a695918 e-flex e-con-boxed e-con e-parent\" data-id=\"a695918\" data-element_type=\"container\" data-e-type=\"container\" data-settings=\"{&quot;background_background&quot;:&quot;classic&quot;}\">\n\t\t\t\t\t<div class=\"e-con-inner\">\n\t\t\t\t<div class=\"elementor-element elementor-element-0770131 elementor-widget elementor-widget-spacer\" data-id=\"0770131\" data-element_type=\"widget\" data-e-type=\"widget\" data-widget_type=\"spacer.default\">\n\t\t\t\t<div class=\"elementor-widget-container\">\n\t\t\t\t\t\t\t<div class=\"elementor-spacer\">\n\t\t\t<div class=\"elementor-spacer-inner\"><\/div>\n\t\t<\/div>\n\t\t\t\t\t\t<\/div>\n\t\t\t\t<\/div>\n\t\t\t\t\t<\/div>\n\t\t\t\t<\/div>\n\t\t<div class=\"elementor-element elementor-element-062be5b e-flex e-con-boxed e-con e-parent\" data-id=\"062be5b\" data-element_type=\"container\" data-e-type=\"container\" data-settings=\"{&quot;background_background&quot;:&quot;classic&quot;}\">\n\t\t\t\t\t<div class=\"e-con-inner\">\n\t\t<div class=\"elementor-element elementor-element-dce3b19 e-con-full e-flex e-con e-child\" data-id=\"dce3b19\" data-element_type=\"container\" data-e-type=\"container\">\n\t\t\t\t<div class=\"elementor-element elementor-element-20f24e8 elementor-widget elementor-widget-image\" data-id=\"20f24e8\" data-element_type=\"widget\" data-e-type=\"widget\" data-widget_type=\"image.default\">\n\t\t\t\t<div class=\"elementor-widget-container\">\n\t\t\t\t\t\t\t\t\t\t\t\t\t\t\t\t<a href=\"https:\/\/sanacionqanil.org.gt\/en\/\">\n\t\t\t\t\t\t\t<img decoding=\"async\" width=\"39\" height=\"45\" src=\"https:\/\/sanacionqanil.org.gt\/wp-content\/uploads\/2024\/02\/Polygon-11.png\" class=\"attachment-large size-large wp-image-1443\" alt=\"\" \/>\t\t\t\t\t\t\t\t<\/a>\n\t\t\t\t\t\t\t\t\t\t\t\t\t\t\t<\/div>\n\t\t\t\t<\/div>\n\t\t\t\t<\/div>\n\t\t<div class=\"elementor-element elementor-element-480f68d e-con-full e-flex e-con e-child\" data-id=\"480f68d\" data-element_type=\"container\" data-e-type=\"container\">\n\t\t\t\t<div class=\"elementor-element elementor-element-be140af elementor-widget elementor-widget-heading\" data-id=\"be140af\" data-element_type=\"widget\" data-e-type=\"widget\" data-widget_type=\"heading.default\">\n\t\t\t\t<div class=\"elementor-widget-container\">\n\t\t\t\t\t<h2 class=\"elementor-heading-title elementor-size-default\">Companion programs<\/h2>\t\t\t\t<\/div>\n\t\t\t\t<\/div>\n\t\t\t\t<\/div>\n\t\t\t\t\t<\/div>\n\t\t\t\t<\/div>\n\t\t<div class=\"elementor-element elementor-element-34891b4 e-con-full e-flex e-con e-parent\" data-id=\"34891b4\" data-element_type=\"container\" data-e-type=\"container\">\n\t\t<div class=\"elementor-element elementor-element-0aa808c e-con-full e-flex e-con e-child\" data-id=\"0aa808c\" data-element_type=\"container\" data-e-type=\"container\" data-settings=\"{&quot;background_background&quot;:&quot;classic&quot;}\">\n\t\t<div class=\"elementor-element elementor-element-08c434f e-con-full e-flex e-con e-child\" data-id=\"08c434f\" data-element_type=\"container\" data-e-type=\"container\">\n\t\t\t\t<div class=\"elementor-element elementor-element-6a32fed elementor-widget elementor-widget-image\" data-id=\"6a32fed\" data-element_type=\"widget\" data-e-type=\"widget\" data-widget_type=\"image.default\">\n\t\t\t\t<div class=\"elementor-widget-container\">\n\t\t\t\t\t\t\t\t\t\t\t\t\t\t\t<img fetchpriority=\"high\" decoding=\"async\" width=\"800\" height=\"625\" src=\"https:\/\/sanacionqanil.org.gt\/wp-content\/uploads\/2024\/02\/ENREDADERA-1024x800.jpg\" class=\"attachment-large size-large wp-image-2528\" alt=\"\" srcset=\"https:\/\/sanacionqanil.org.gt\/wp-content\/uploads\/2024\/02\/ENREDADERA-1024x800.jpg 1024w, https:\/\/sanacionqanil.org.gt\/wp-content\/uploads\/2024\/02\/ENREDADERA-300x234.jpg 300w, https:\/\/sanacionqanil.org.gt\/wp-content\/uploads\/2024\/02\/ENREDADERA-768x600.jpg 768w, https:\/\/sanacionqanil.org.gt\/wp-content\/uploads\/2024\/02\/ENREDADERA-1536x1200.jpg 1536w, https:\/\/sanacionqanil.org.gt\/wp-content\/uploads\/2024\/02\/ENREDADERA-2048x1600.jpg 2048w\" sizes=\"(max-width: 800px) 100vw, 800px\" \/>\t\t\t\t\t\t\t\t\t\t\t\t\t\t\t<\/div>\n\t\t\t\t<\/div>\n\t\t\t\t<div class=\"elementor-element elementor-element-2c6ce2d elementor-widget elementor-widget-image\" data-id=\"2c6ce2d\" data-element_type=\"widget\" data-e-type=\"widget\" data-widget_type=\"image.default\">\n\t\t\t\t<div class=\"elementor-widget-container\">\n\t\t\t\t\t\t\t\t\t\t\t\t\t\t\t<img decoding=\"async\" width=\"768\" height=\"576\" src=\"https:\/\/sanacionqanil.org.gt\/wp-content\/uploads\/2024\/02\/WhatsApp-Image-2023-12-06-at-17.54.12-768x576.jpeg\" class=\"attachment-medium_large size-medium_large wp-image-2532\" alt=\"\" srcset=\"https:\/\/sanacionqanil.org.gt\/wp-content\/uploads\/2024\/02\/WhatsApp-Image-2023-12-06-at-17.54.12-768x576.jpeg 768w, https:\/\/sanacionqanil.org.gt\/wp-content\/uploads\/2024\/02\/WhatsApp-Image-2023-12-06-at-17.54.12-300x225.jpeg 300w, https:\/\/sanacionqanil.org.gt\/wp-content\/uploads\/2024\/02\/WhatsApp-Image-2023-12-06-at-17.54.12-1024x768.jpeg 1024w, https:\/\/sanacionqanil.org.gt\/wp-content\/uploads\/2024\/02\/WhatsApp-Image-2023-12-06-at-17.54.12-1536x1152.jpeg 1536w, https:\/\/sanacionqanil.org.gt\/wp-content\/uploads\/2024\/02\/WhatsApp-Image-2023-12-06-at-17.54.12.jpeg 1600w\" sizes=\"(max-width: 768px) 100vw, 768px\" \/>\t\t\t\t\t\t\t\t\t\t\t\t\t\t\t<\/div>\n\t\t\t\t<\/div>\n\t\t\t\t<\/div>\n\t\t<div class=\"elementor-element elementor-element-85c0ddc e-con-full e-flex e-con e-child\" data-id=\"85c0ddc\" data-element_type=\"container\" data-e-type=\"container\">\n\t\t\t\t<div class=\"elementor-element elementor-element-2b215b8 elementor-widget elementor-widget-text-editor\" data-id=\"2b215b8\" data-element_type=\"widget\" data-e-type=\"widget\" data-widget_type=\"text-editor.default\">\n\t\t\t\t<div class=\"elementor-widget-container\">\n\t\t\t\t\t\t\t\t\t<p>We develop group processes accompanying emotional for people who accompany and people interested in linking your personal growth with its commitment to social transformation. Adult willing to be reviewed and move emotionally in symbolic places and everyday that have hurt them, to places most healthy and well-being.<\/p><p>Working with diverse individuals and peoples, mostly women and people of the community +LGTBIQ+, men with willingness to be transformed. We implement the methodology of Therapy of a Reunion and methodologies transpersonal related.<\/p><p>We promote processes that are especially aimed at people of Guatemala, Central america, and Spanish-speaking countries in Latin America.<\/p><p>Working with diverse individuals and peoples, mostly women and people of the community +LGTBIQ+, men with willingness to be transformed.<\/p><p>We implement the methodology of Therapy of a Reunion and methodologies transpersonal related.<\/p><p>We promote processes that are especially aimed at people of Guatemala, Central america, and Spanish-speaking countries in Latin America.<\/p>\t\t\t\t\t\t\t\t<\/div>\n\t\t\t\t<\/div>\n\t\t\t\t<\/div>\n\t\t\t\t<\/div>\n\t\t<div class=\"elementor-element elementor-element-9d20e70 e-con-full e-flex e-con e-child\" data-id=\"9d20e70\" data-element_type=\"container\" data-e-type=\"container\">\n\t\t<div class=\"elementor-element elementor-element-a71b9cd e-con-full e-flex e-con e-child\" data-id=\"a71b9cd\" data-element_type=\"container\" data-e-type=\"container\" data-settings=\"{&quot;background_background&quot;:&quot;classic&quot;}\">\n\t\t\t\t<div class=\"elementor-element elementor-element-4e10bee elementor-widget elementor-widget-heading\" data-id=\"4e10bee\" data-element_type=\"widget\" data-e-type=\"widget\" data-widget_type=\"heading.default\">\n\t\t\t\t<div class=\"elementor-widget-container\">\n\t\t\t\t\t<h2 class=\"elementor-heading-title elementor-size-default\">ESCORTS GROUP<\/h2>\t\t\t\t<\/div>\n\t\t\t\t<\/div>\n\t\t\t\t<\/div>\n\t\t<div class=\"elementor-element elementor-element-73180d3 e-con-full e-flex e-con e-child\" data-id=\"73180d3\" data-element_type=\"container\" data-e-type=\"container\">\n\t\t\t\t<div class=\"elementor-element elementor-element-19b63e4 elementor-widget elementor-widget-button\" data-id=\"19b63e4\" data-element_type=\"widget\" data-e-type=\"widget\" data-widget_type=\"button.default\">\n\t\t\t\t<div class=\"elementor-widget-container\">\n\t\t\t\t\t\t\t\t\t<div class=\"elementor-button-wrapper\">\n\t\t\t\t\t<a class=\"elementor-button elementor-button-link elementor-size-sm\" href=\"#\">\n\t\t\t\t\t\t<span class=\"elementor-button-content-wrapper\">\n\t\t\t\t\t\t\t\t\t<span class=\"elementor-button-text\">See availability<\/span>\n\t\t\t\t\t<\/span>\n\t\t\t\t\t<\/a>\n\t\t\t\t<\/div>\n\t\t\t\t\t\t\t\t<\/div>\n\t\t\t\t<\/div>\n\t\t\t\t<\/div>\n\t\t\t\t<\/div>\n\t\t<div class=\"elementor-element elementor-element-2633e1d e-con-full e-flex e-con e-child\" data-id=\"2633e1d\" data-element_type=\"container\" data-e-type=\"container\" data-settings=\"{&quot;background_background&quot;:&quot;classic&quot;}\">\n\t\t\t\t<div class=\"elementor-element elementor-element-f8667fa elementor-widget__width-initial elementor-widget elementor-widget-text-editor\" data-id=\"f8667fa\" data-element_type=\"widget\" data-e-type=\"widget\" data-widget_type=\"text-editor.default\">\n\t\t\t\t<div class=\"elementor-widget-container\">\n\t\t\t\t\t\t\t\t\t<p>All the processes that we encourage, develop in a continuous manner, that is to say that they reproduce year-on-year and are enriched with each new experience. The therapists and coterapeutas that accompany the various group processes to heal, are part of the School of Companions, a space built collectively, from where decisions are taken on the new processes and evaluate the learning achieved. Most of the processes that are driving are structured and sustained from the methodology of Therapy of Reunion, the basis of our escorts.<\/p>\t\t\t\t\t\t\t\t<\/div>\n\t\t\t\t<\/div>\n\t\t\t\t<\/div>\n\t\t<div class=\"elementor-element elementor-element-a32140d e-con-full e-flex e-con e-child\" data-id=\"a32140d\" data-element_type=\"container\" data-e-type=\"container\">\n\t\t<div class=\"elementor-element elementor-element-1cfc7d3 e-con-full e-flex e-con e-child\" data-id=\"1cfc7d3\" data-element_type=\"container\" data-e-type=\"container\" data-settings=\"{&quot;background_background&quot;:&quot;classic&quot;}\">\n\t\t\t\t<div class=\"elementor-element elementor-element-5f983bc elementor-widget elementor-widget-heading\" data-id=\"5f983bc\" data-element_type=\"widget\" data-e-type=\"widget\" data-widget_type=\"heading.default\">\n\t\t\t\t<div class=\"elementor-widget-container\">\n\t\t\t\t\t<h2 class=\"elementor-heading-title elementor-size-default\">PROCESSES FACE-TO-FACE TERAPIADE REUNION<\/h2>\t\t\t\t<\/div>\n\t\t\t\t<\/div>\n\t\t\t\t<\/div>\n\t\t<div class=\"elementor-element elementor-element-68cf605 e-con-full e-flex e-con e-child\" data-id=\"68cf605\" data-element_type=\"container\" data-e-type=\"container\">\n\t\t\t\t<div class=\"elementor-element elementor-element-8effbb7 elementor-widget elementor-widget-button\" data-id=\"8effbb7\" data-element_type=\"widget\" data-e-type=\"widget\" data-widget_type=\"button.default\">\n\t\t\t\t<div class=\"elementor-widget-container\">\n\t\t\t\t\t\t\t\t\t<div class=\"elementor-button-wrapper\">\n\t\t\t\t\t<a class=\"elementor-button elementor-button-link elementor-size-sm\" href=\"#\">\n\t\t\t\t\t\t<span class=\"elementor-button-content-wrapper\">\n\t\t\t\t\t\t\t\t\t<span class=\"elementor-button-text\">See availability<\/span>\n\t\t\t\t\t<\/span>\n\t\t\t\t\t<\/a>\n\t\t\t\t<\/div>\n\t\t\t\t\t\t\t\t<\/div>\n\t\t\t\t<\/div>\n\t\t\t\t<\/div>\n\t\t\t\t<\/div>\n\t\t<div class=\"elementor-element elementor-element-8b37e4d e-con-full e-flex e-con e-child\" data-id=\"8b37e4d\" data-element_type=\"container\" data-e-type=\"container\">\n\t\t<div class=\"elementor-element elementor-element-c04c8d8 e-flex e-con-boxed e-con e-child\" data-id=\"c04c8d8\" data-element_type=\"container\" data-e-type=\"container\">\n\t\t\t\t\t<div class=\"e-con-inner\">\n\t\t\t\t<div class=\"elementor-element elementor-element-7b77f66 elementor-widget elementor-widget-text-editor\" data-id=\"7b77f66\" data-element_type=\"widget\" data-e-type=\"widget\" data-widget_type=\"text-editor.default\">\n\t\t\t\t<div class=\"elementor-widget-container\">\n\t\t\t\t\t\t\t\t\t<p>From a therapeutic approach to transpersonal, we worked on the opening and integration of awareness and healing through listening to the body. We&#039;re experiencing a process of reunion with our personal history-relational.<\/p><p>We explore the wounds that have been left on our bodies and our lives, as a result of the violence, systemic who have been standardized, to become aware of our self-knowledge, links and loving scripts or patterns. We learn to recover the possibility of linking from the love and the Buentrato, bringing with it to heal the wounds of the collective. We work duels.<\/p><p>\u00a0<\/p><p><b>Content and methodology:<\/b><\/p><p>All the processes of Therapy Reunion consist of four stages: <br \/>\u25cf Self-awareness<br \/>\u25cf Links loving <br \/>\u25cf The scripts of life and <br \/>\u25cf Duels<\/p>\t\t\t\t\t\t\t\t<\/div>\n\t\t\t\t<\/div>\n\t\t\t\t\t<\/div>\n\t\t\t\t<\/div>\n\t\t<div class=\"elementor-element elementor-element-ced968e e-flex e-con-boxed e-con e-child\" data-id=\"ced968e\" data-element_type=\"container\" data-e-type=\"container\">\n\t\t\t\t\t<div class=\"e-con-inner\">\n\t\t\t\t<div class=\"elementor-element elementor-element-f23e068 elementor-widget elementor-widget-text-editor\" data-id=\"f23e068\" data-element_type=\"widget\" data-e-type=\"widget\" data-widget_type=\"text-editor.default\">\n\t\t\t\t<div class=\"elementor-widget-container\">\n\t\t\t\t\t\t\t\t\t<p>Is performed 1 process face-to-face Therapy Reunion a year. Each one with a duration of four months. The sessions are held two Saturdays and one Sunday a month from 8:30am to 3:30pm, every 15 days approximately.<\/p>\t\t\t\t\t\t\t\t<\/div>\n\t\t\t\t<\/div>\n\t\t\t\t\t<\/div>\n\t\t\t\t<\/div>\n\t\t<div class=\"elementor-element elementor-element-0a74f66 e-flex e-con-boxed e-con e-child\" data-id=\"0a74f66\" data-element_type=\"container\" data-e-type=\"container\">\n\t\t\t\t\t<div class=\"e-con-inner\">\n\t\t\t\t<div class=\"elementor-element elementor-element-14a227d elementor-widget elementor-widget-text-editor\" data-id=\"14a227d\" data-element_type=\"widget\" data-e-type=\"widget\" data-widget_type=\"text-editor.default\">\n\t\t\t\t<div class=\"elementor-widget-container\">\n\t\t\t\t\t\t\t\t\t<p>\u25cf Process face-to-face: in <strong>may to August<\/strong> of each year.<\/p>\t\t\t\t\t\t\t\t<\/div>\n\t\t\t\t<\/div>\n\t\t\t\t\t<\/div>\n\t\t\t\t<\/div>\n\t\t\t\t<\/div>\n\t\t<div class=\"elementor-element elementor-element-b3858ab e-con-full e-flex e-con e-child\" data-id=\"b3858ab\" data-element_type=\"container\" data-e-type=\"container\">\n\t\t<div class=\"elementor-element elementor-element-cc1dc0e e-con-full e-flex e-con e-child\" data-id=\"cc1dc0e\" data-element_type=\"container\" data-e-type=\"container\" data-settings=\"{&quot;background_background&quot;:&quot;classic&quot;}\">\n\t\t\t\t<div class=\"elementor-element elementor-element-c7a0857 elementor-widget elementor-widget-heading\" data-id=\"c7a0857\" data-element_type=\"widget\" data-e-type=\"widget\" data-widget_type=\"heading.default\">\n\t\t\t\t<div class=\"elementor-widget-container\">\n\t\t\t\t\t<h2 class=\"elementor-heading-title elementor-size-default\">VIRTUAL PROCESS OF THERAPY REUNION<\/h2>\t\t\t\t<\/div>\n\t\t\t\t<\/div>\n\t\t\t\t<\/div>\n\t\t<div class=\"elementor-element elementor-element-e5ab03d e-con-full e-flex e-con e-child\" data-id=\"e5ab03d\" data-element_type=\"container\" data-e-type=\"container\">\n\t\t\t\t<div class=\"elementor-element elementor-element-725420a elementor-widget elementor-widget-button\" data-id=\"725420a\" data-element_type=\"widget\" data-e-type=\"widget\" data-widget_type=\"button.default\">\n\t\t\t\t<div class=\"elementor-widget-container\">\n\t\t\t\t\t\t\t\t\t<div class=\"elementor-button-wrapper\">\n\t\t\t\t\t<a class=\"elementor-button elementor-button-link elementor-size-sm\" href=\"#\">\n\t\t\t\t\t\t<span class=\"elementor-button-content-wrapper\">\n\t\t\t\t\t\t\t\t\t<span class=\"elementor-button-text\">See availability<\/span>\n\t\t\t\t\t<\/span>\n\t\t\t\t\t<\/a>\n\t\t\t\t<\/div>\n\t\t\t\t\t\t\t\t<\/div>\n\t\t\t\t<\/div>\n\t\t\t\t<\/div>\n\t\t\t\t<\/div>\n\t\t<div class=\"elementor-element elementor-element-f4b29bf e-flex e-con-boxed e-con e-child\" data-id=\"f4b29bf\" data-element_type=\"container\" data-e-type=\"container\">\n\t\t\t\t\t<div class=\"e-con-inner\">\n\t\t<div class=\"elementor-element elementor-element-8215ffe e-flex e-con-boxed e-con e-child\" data-id=\"8215ffe\" data-element_type=\"container\" data-e-type=\"container\">\n\t\t\t\t\t<div class=\"e-con-inner\">\n\t\t\t\t<div class=\"elementor-element elementor-element-9cfc093 elementor-widget elementor-widget-text-editor\" data-id=\"9cfc093\" data-element_type=\"widget\" data-e-type=\"widget\" data-widget_type=\"text-editor.default\">\n\t\t\t\t<div class=\"elementor-widget-container\">\n\t\t\t\t\t\t\t\t\t<p>From a therapeutic approach to transpersonal, we worked on the opening and integration of awareness and healing through listening to the body. We&#039;re experiencing a process of reunion with our personal history-relational.<\/p><p><br \/>We explore the wounds that have been in our lives, as a result of the violence, systemic who have been standardized, to become aware of our self-knowledge, links and loving scripts or patterns. We learn to recover the possibility of linking from the love and the Buentrato, bringing with it to heal the wounds of the collective. We work duels.<\/p><p><strong>Methodology:<\/strong><\/p><p>All the processes virtual Therapy Reunion consist of four stages: <br \/>\u25cf Self-knowledge, <br \/>\u25cf Links and loving <br \/>\u25cf The scripts of life and <br \/>\u25cf Duels.<\/p>\t\t\t\t\t\t\t\t<\/div>\n\t\t\t\t<\/div>\n\t\t\t\t\t<\/div>\n\t\t\t\t<\/div>\n\t\t<div class=\"elementor-element elementor-element-e80df1e e-flex e-con-boxed e-con e-child\" data-id=\"e80df1e\" data-element_type=\"container\" data-e-type=\"container\">\n\t\t\t\t\t<div class=\"e-con-inner\">\n\t\t\t\t<div class=\"elementor-element elementor-element-300cb08 elementor-widget elementor-widget-text-editor\" data-id=\"300cb08\" data-element_type=\"widget\" data-e-type=\"widget\" data-widget_type=\"text-editor.default\">\n\t\t\t\t<div class=\"elementor-widget-container\">\n\t\t\t\t\t\t\t\t\t<p>There was a process virtual <strong>Therapy of Reunion<\/strong> the year, takes place from August to October of each year. On Saturday, from 9am to 1pm (time in Guatemala) Are 10 sessions of four hours, via zoom. Weekly sessions on a Saturday, for 2 and a half months.<\/p>\t\t\t\t\t\t\t\t<\/div>\n\t\t\t\t<\/div>\n\t\t\t\t\t<\/div>\n\t\t\t\t<\/div>\n\t\t\t\t\t<\/div>\n\t\t\t\t<\/div>\n\t\t<div class=\"elementor-element elementor-element-64fd2bf e-con-full e-flex e-con e-child\" data-id=\"64fd2bf\" data-element_type=\"container\" data-e-type=\"container\">\n\t\t<div class=\"elementor-element elementor-element-435b06e e-con-full e-flex e-con e-child\" data-id=\"435b06e\" data-element_type=\"container\" data-e-type=\"container\" data-settings=\"{&quot;background_background&quot;:&quot;classic&quot;}\">\n\t\t\t\t<div class=\"elementor-element elementor-element-b1ad912 elementor-widget elementor-widget-heading\" data-id=\"b1ad912\" data-element_type=\"widget\" data-e-type=\"widget\" data-widget_type=\"heading.default\">\n\t\t\t\t<div class=\"elementor-widget-container\">\n\t\t\t\t\t<h2 class=\"elementor-heading-title elementor-size-default\">PROCESSES EXTERNAL TO ACCOMPANY ORGANIZATIONS<\/h2>\t\t\t\t<\/div>\n\t\t\t\t<\/div>\n\t\t\t\t<\/div>\n\t\t<div class=\"elementor-element elementor-element-9c3838d e-con-full e-flex e-con e-child\" data-id=\"9c3838d\" data-element_type=\"container\" data-e-type=\"container\">\n\t\t\t\t<div class=\"elementor-element elementor-element-7e3986a elementor-widget elementor-widget-button\" data-id=\"7e3986a\" data-element_type=\"widget\" data-e-type=\"widget\" data-widget_type=\"button.default\">\n\t\t\t\t<div class=\"elementor-widget-container\">\n\t\t\t\t\t\t\t\t\t<div class=\"elementor-button-wrapper\">\n\t\t\t\t\t<a class=\"elementor-button elementor-button-link elementor-size-sm\" href=\"#\">\n\t\t\t\t\t\t<span class=\"elementor-button-content-wrapper\">\n\t\t\t\t\t\t\t\t\t<span class=\"elementor-button-text\">See availability<\/span>\n\t\t\t\t\t<\/span>\n\t\t\t\t\t<\/a>\n\t\t\t\t<\/div>\n\t\t\t\t\t\t\t\t<\/div>\n\t\t\t\t<\/div>\n\t\t\t\t<\/div>\n\t\t\t\t<\/div>\n\t\t<div class=\"elementor-element elementor-element-d7bf70a e-flex e-con-boxed e-con e-child\" data-id=\"d7bf70a\" data-element_type=\"container\" data-e-type=\"container\">\n\t\t\t\t\t<div class=\"e-con-inner\">\n\t\t\t\t<div class=\"elementor-element elementor-element-75dc38c elementor-widget elementor-widget-text-editor\" data-id=\"75dc38c\" data-element_type=\"widget\" data-e-type=\"widget\" data-widget_type=\"text-editor.default\">\n\t\t\t\t<div class=\"elementor-widget-container\">\n\t\t\t\t\t\t\t\t\t<p>We promote processes external face-to-face or virtual (requested by the organizations) with the same methodology of TR and\/or approaches to transpersonal targeted at organizations interested in like manner in the work of emotional support, self-awareness, links and duels, according to time and chance, is always directed to the transformation of patterns of internalizing and to the generation of a culture feminist completeness.<\/p><p><br \/>Can be a short process or medium-or long-range in the lines of work: (a) Accompaniments of Therapy Reunion or accompaniments transpersonal b) formation Processes-healing with the subjects that focuses Q anil, c) Processes of the Integrated Management (for healing organisations).<\/p><p>\u00a0<\/p><p>Our proposals are adapted to the conditions of community organizations, collective autogestionan, organizations with funding, non-governmental organizations, women&#039;s funds, among others.<\/p><p>\u00a0<\/p><p><strong>THERAPISTS:<\/strong><\/p><p><strong>Dayrin Chavez:<\/strong> Psychotherapist guatemalan humanistic approach, mind-body and transpersonal. Training in Body-Psychotherapy in the Human Development Center Yut O ntonal, San cristobal de las casas, Chiapas. A psychologist from the University of San Carlos of Guatemala. In charge of the Accompanying Program, a therapist and a facilitator of Therapy of Reunion on several diplomats driven by Center Q anil. Part of the School of Companions of the Training Center-Healing and Research Transpersonal Q anil.<\/p><p><strong>Yadira Monterroso:<\/strong> Pensum closed in Master&#039;s degree in Social Psychology. Latin american faculty of Social Sciences Guatemala - FLACSO. A degree in Psychology, University of San Carlos of Guatemala. Experience accompanying women survivors of gender-based violence. Therapist individual and group Training Center-Healing and Research Transpersonal Q anil<\/p><p><strong>Alejandra Garavito-Aguilar:<\/strong> Chaperone therapeutics, movement artist, cultural manager. A degree in Clinical Psychology, with a focus on group meetings through various somatic practices. I am confident that you will find our own dance and creative energy, is a source of healing. Collectivize these discoveries triggered the roads to ourselves, to take up space and to enjoy(us).<\/p><p><strong>COTERAPEUTAS:<\/strong><\/p><p><strong>Amalia Jimenez:<\/strong> A degree in Information Sciences from the Complutense University of Madrid. Specialization in Integrated Management of Processes of Communication from the Universidad URACCAN of Nicaragua; diploma in indigenous peoples &#039; rights by the Indigenous University Intercutural; graduated as a Companion of Survivors of Sexual Violence by the Healing Center Q anil and the University Institute of Women of the University of San Carlos.<\/p><p><strong>Nery Recinos Mazariegos:<\/strong> Pisc\u00f3logo Social Community, University of San Carlos of Guatemala. In the process of training as a Therapist Reunion in Center Q anil Visual Artist and guidance Counselor. Diploma in Bodies, Erotismos and Sexualities in Center Q anil. Diploma History and Feminist Theory. Always looking for disidir.<\/p><p><strong>Oneldy Ortega Barrera <\/strong>Therapist, Occupational, and Recreational. Social psychologist Community for the University of San Carlos of Guatemala. Diploma in Theory and History Feminist. A graduate of the Diploma Bodies, Erotismos and Sexualities. Companion Therapy Reunion in Center Q anil.<\/p><p>\u00a0<\/p><p><strong>OBSERVER\/IS:<\/strong><\/p><p>For most of the processes of Therapy Reunion, we have observer\/is, which change from year to year, as part of its process of training to accompany.<\/p>\t\t\t\t\t\t\t\t<\/div>\n\t\t\t\t<\/div>\n\t\t\t\t\t<\/div>\n\t\t\t\t<\/div>\n\t\t\t\t<div class=\"elementor-element elementor-element-2cff101 bdt-backdrop-filter-yes bdt-filter-backdrop elementor-widget elementor-widget-spacer\" data-id=\"2cff101\" data-element_type=\"widget\" data-e-type=\"widget\" data-widget_type=\"spacer.default\">\n\t\t\t\t<div class=\"elementor-widget-container\">\n\t\t\t\t\t\t\t<div class=\"elementor-spacer\">\n\t\t\t<div class=\"elementor-spacer-inner\"><\/div>\n\t\t<\/div>\n\t\t\t\t\t\t<\/div>\n\t\t\t\t<\/div>\n\t\t\t\t<\/div>\n\t\t\t\t<\/div>","protected":false},"excerpt":{"rendered":"<p>Programas de acompa\u00f1amiento Desarrollamos procesos grupales de acompa\u00f1amiento emocional para personas que acompa\u00f1an y personas interesadas en vincular su crecimiento personal con su compromiso de transformaci\u00f3n social. Personas adultas dispuestas a revisarse y moverse emocionalmente de lugares simb\u00f3licos y cotidianos que les han hecho da\u00f1o, a lugares m\u00e1s sanos y de bienestar. Se trabaja con [&hellip;]<\/p>","protected":false},"author":1,"featured_media":0,"parent":0,"menu_order":0,"comment_status":"closed","ping_status":"closed","template":"","meta":{"_acf_changed":false,"footnotes":""},"class_list":["post-87","page","type-page","status-publish","hentry"],"acf":[],"_links":{"self":[{"href":"https:\/\/sanacionqanil.org.gt\/en\/wp-json\/wp\/v2\/pages\/87","targetHints":{"allow":["GET"]}}],"collection":[{"href":"https:\/\/sanacionqanil.org.gt\/en\/wp-json\/wp\/v2\/pages"}],"about":[{"href":"https:\/\/sanacionqanil.org.gt\/en\/wp-json\/wp\/v2\/types\/page"}],"author":[{"embeddable":true,"href":"https:\/\/sanacionqanil.org.gt\/en\/wp-json\/wp\/v2\/users\/1"}],"replies":[{"embeddable":true,"href":"https:\/\/sanacionqanil.org.gt\/en\/wp-json\/wp\/v2\/comments?post=87"}],"version-history":[{"count":179,"href":"https:\/\/sanacionqanil.org.gt\/en\/wp-json\/wp\/v2\/pages\/87\/revisions"}],"predecessor-version":[{"id":2631,"href":"https:\/\/sanacionqanil.org.gt\/en\/wp-json\/wp\/v2\/pages\/87\/revisions\/2631"}],"wp:attachment":[{"href":"https:\/\/sanacionqanil.org.gt\/en\/wp-json\/wp\/v2\/media?parent=87"}],"curies":[{"name":"wp","href":"https:\/\/api.w.org\/{rel}","templated":true}]}}