{"id":561,"date":"2024-02-07T00:24:48","date_gmt":"2024-02-07T00:24:48","guid":{"rendered":"https:\/\/sanacionqanil.org.gt\/?page_id=561"},"modified":"2024-07-15T16:46:08","modified_gmt":"2024-07-15T16:46:08","slug":"homenaje-y-agradecimiento","status":"publish","type":"page","link":"https:\/\/sanacionqanil.org.gt\/en\/homenaje-y-agradecimiento\/","title":{"rendered":"Pag Homenaje y agradecimiento"},"content":{"rendered":"<div data-elementor-type=\"wp-page\" data-elementor-id=\"561\" class=\"elementor elementor-561\" data-elementor-post-type=\"page\">\n\t\t\t\t<div class=\"elementor-element elementor-element-d5ed576 e-flex e-con-boxed e-con e-parent\" data-id=\"d5ed576\" data-element_type=\"container\" data-e-type=\"container\" data-settings=\"{&quot;background_background&quot;:&quot;classic&quot;,&quot;background_motion_fx_motion_fx_scrolling&quot;:&quot;yes&quot;,&quot;background_motion_fx_translateY_effect&quot;:&quot;yes&quot;,&quot;background_motion_fx_translateY_speed&quot;:{&quot;unit&quot;:&quot;px&quot;,&quot;size&quot;:1.399999999999999911182158029987476766109466552734375,&quot;sizes&quot;:[]},&quot;background_motion_fx_translateY_affectedRange&quot;:{&quot;unit&quot;:&quot;%&quot;,&quot;size&quot;:&quot;&quot;,&quot;sizes&quot;:{&quot;start&quot;:56,&quot;end&quot;:60}},&quot;motion_fx_motion_fx_scrolling&quot;:&quot;yes&quot;,&quot;motion_fx_translateY_effect&quot;:&quot;yes&quot;,&quot;motion_fx_translateY_speed&quot;:{&quot;unit&quot;:&quot;px&quot;,&quot;size&quot;:1.5,&quot;sizes&quot;:[]},&quot;background_motion_fx_devices&quot;:[&quot;widescreen&quot;,&quot;desktop&quot;,&quot;laptop&quot;,&quot;tablet&quot;,&quot;mobile&quot;],&quot;motion_fx_translateY_affectedRange&quot;:{&quot;unit&quot;:&quot;%&quot;,&quot;size&quot;:&quot;&quot;,&quot;sizes&quot;:{&quot;start&quot;:0,&quot;end&quot;:100}},&quot;motion_fx_devices&quot;:[&quot;widescreen&quot;,&quot;desktop&quot;,&quot;laptop&quot;,&quot;tablet&quot;,&quot;mobile&quot;]}\">\n\t\t\t\t\t<div class=\"e-con-inner\">\n\t\t\t\t<div class=\"elementor-element elementor-element-37ed6c9 elementor-widget elementor-widget-spacer\" data-id=\"37ed6c9\" data-element_type=\"widget\" data-e-type=\"widget\" data-widget_type=\"spacer.default\">\n\t\t\t\t<div class=\"elementor-widget-container\">\n\t\t\t\t\t\t\t<div class=\"elementor-spacer\">\n\t\t\t<div class=\"elementor-spacer-inner\"><\/div>\n\t\t<\/div>\n\t\t\t\t\t\t<\/div>\n\t\t\t\t<\/div>\n\t\t<div class=\"elementor-element elementor-element-5bed63a e-flex e-con-boxed e-con e-child\" data-id=\"5bed63a\" data-element_type=\"container\" data-e-type=\"container\">\n\t\t\t\t\t<div class=\"e-con-inner\">\n\t\t\t\t<div class=\"elementor-element elementor-element-39165ac elementor-widget__width-inherit elementor-widget elementor-widget-heading\" data-id=\"39165ac\" data-element_type=\"widget\" data-e-type=\"widget\" data-widget_type=\"heading.default\">\n\t\t\t\t<div class=\"elementor-widget-container\">\n\t\t\t\t\t<h2 class=\"elementor-heading-title elementor-size-default\">A tribute and thanks<\/h2>\t\t\t\t<\/div>\n\t\t\t\t<\/div>\n\t\t\t\t<div class=\"elementor-element elementor-element-dbef288 elementor-widget elementor-widget-spacer\" data-id=\"dbef288\" data-element_type=\"widget\" data-e-type=\"widget\" data-widget_type=\"spacer.default\">\n\t\t\t\t<div class=\"elementor-widget-container\">\n\t\t\t\t\t\t\t<div class=\"elementor-spacer\">\n\t\t\t<div class=\"elementor-spacer-inner\"><\/div>\n\t\t<\/div>\n\t\t\t\t\t\t<\/div>\n\t\t\t\t<\/div>\n\t\t\t\t\t<\/div>\n\t\t\t\t<\/div>\n\t\t<div class=\"elementor-element elementor-element-8b3952c e-con-full e-flex e-con e-child\" data-id=\"8b3952c\" data-element_type=\"container\" data-e-type=\"container\">\n\t\t<div class=\"elementor-element elementor-element-27bcb3b e-con-full e-flex e-con e-child\" data-id=\"27bcb3b\" data-element_type=\"container\" data-e-type=\"container\">\n\t\t\t\t<div class=\"elementor-element elementor-element-b3d3d53 elementor-widget elementor-widget-image\" data-id=\"b3d3d53\" data-element_type=\"widget\" data-e-type=\"widget\" data-widget_type=\"image.default\">\n\t\t\t\t<div class=\"elementor-widget-container\">\n\t\t\t\t\t\t\t\t\t\t\t\t\t\t\t\t<a href=\"https:\/\/sanacionqanil.org.gt\/en\/\">\n\t\t\t\t\t\t\t<img decoding=\"async\" width=\"39\" height=\"45\" src=\"https:\/\/sanacionqanil.org.gt\/wp-content\/uploads\/2024\/02\/Polygon-10.png\" class=\"attachment-large size-large wp-image-699\" alt=\"\" \/>\t\t\t\t\t\t\t\t<\/a>\n\t\t\t\t\t\t\t\t\t\t\t\t\t\t\t<\/div>\n\t\t\t\t<\/div>\n\t\t\t\t<\/div>\n\t\t<div class=\"elementor-element elementor-element-4cb6262 e-con-full e-flex e-con e-child\" data-id=\"4cb6262\" data-element_type=\"container\" data-e-type=\"container\">\n\t\t\t\t<div class=\"elementor-element elementor-element-f554e00 elementor-widget elementor-widget-heading\" data-id=\"f554e00\" data-element_type=\"widget\" data-e-type=\"widget\" data-widget_type=\"heading.default\">\n\t\t\t\t<div class=\"elementor-widget-container\">\n\t\t\t\t\t<h2 class=\"elementor-heading-title elementor-size-default\">Team members<p>\n at different times of the Q'anil center (2009-2023)<\/h2>\t\t\t\t<\/div>\n\t\t\t\t<\/div>\n\t\t\t\t<\/div>\n\t\t\t\t<\/div>\n\t\t<div class=\"elementor-element elementor-element-0b41b32 e-con-full e-flex e-con e-child\" data-id=\"0b41b32\" data-element_type=\"container\" data-e-type=\"container\">\n\t\t<div class=\"elementor-element elementor-element-f977a80 e-flex e-con-boxed e-con e-child\" data-id=\"f977a80\" data-element_type=\"container\" data-e-type=\"container\" data-settings=\"{&quot;background_background&quot;:&quot;classic&quot;}\">\n\t\t\t\t\t<div class=\"e-con-inner\">\n\t\t\t\t<div class=\"elementor-element elementor-element-bdeae4e elementor-widget elementor-widget-text-editor\" data-id=\"bdeae4e\" data-element_type=\"widget\" data-e-type=\"widget\" data-widget_type=\"text-editor.default\">\n\t\t\t\t<div class=\"elementor-widget-container\">\n\t\t\t\t\t\t\t\t\t<p>Yolanda de la Luz Aguilar Urizar<br \/>Mar\u00eda Jos\u00e9 Aguilar Ponce<br \/>Carol Jacqueline Vivar L\u00f3pez<br \/>Alba Donado<br \/>Lucia Mendoza<br \/>Mirza Escobar<br \/>Alejandra Garavito Aguilar<br \/>Jas Gidalti<br \/>Mavis Rodr\u00edguez<br \/>Luz Panadero<br \/>Numa D\u00e1vila<\/p>\t\t\t\t\t\t\t\t<\/div>\n\t\t\t\t<\/div>\n\t\t\t\t\t<\/div>\n\t\t\t\t<\/div>\n\t\t<div class=\"elementor-element elementor-element-ef6ea8f e-flex e-con-boxed e-con e-child\" data-id=\"ef6ea8f\" data-element_type=\"container\" data-e-type=\"container\" data-settings=\"{&quot;background_background&quot;:&quot;classic&quot;}\">\n\t\t\t\t\t<div class=\"e-con-inner\">\n\t\t\t\t<div class=\"elementor-element elementor-element-164ec8f elementor-widget elementor-widget-text-editor\" data-id=\"164ec8f\" data-element_type=\"widget\" data-e-type=\"widget\" data-widget_type=\"text-editor.default\">\n\t\t\t\t<div class=\"elementor-widget-container\">\n\t\t\t\t\t\t\t\t\t<p>Alejandra Mendez<br \/>Paola Orellana<br \/>Ana Luisa Gir\u00f3n<br \/>Anabella Gir\u00f3n<br \/>Dayrin Chavez<br \/>Corinne Lehr<br \/>Pilar Salazar<br \/>Celeste Mayorga<br \/>Leka Paz<br \/>Amalia Jimenez<\/p>\t\t\t\t\t\t\t\t<\/div>\n\t\t\t\t<\/div>\n\t\t\t\t\t<\/div>\n\t\t\t\t<\/div>\n\t\t<div class=\"elementor-element elementor-element-a9e919b e-flex e-con-boxed e-con e-child\" data-id=\"a9e919b\" data-element_type=\"container\" data-e-type=\"container\" data-settings=\"{&quot;background_background&quot;:&quot;classic&quot;}\">\n\t\t\t\t\t<div class=\"e-con-inner\">\n\t\t\t\t<div class=\"elementor-element elementor-element-7299e57 elementor-widget elementor-widget-text-editor\" data-id=\"7299e57\" data-element_type=\"widget\" data-e-type=\"widget\" data-widget_type=\"text-editor.default\">\n\t\t\t\t<div class=\"elementor-widget-container\">\n\t\t\t\t\t\t\t\t\t<p>Ana Elisa Martinez<br \/>Oneldy Ortega<br \/>Naomi Valdez<br \/>Reyna Toyom<br \/>Feliciana Perez<br \/>Yadira Monterroso<br \/>Cristina P\u00e9rez<br \/>Irma P\u00e9rez<br \/>Luc\u00eda Ralon<br \/>Laura Sanchez<\/p>\t\t\t\t\t\t\t\t<\/div>\n\t\t\t\t<\/div>\n\t\t\t\t\t<\/div>\n\t\t\t\t<\/div>\n\t\t\t\t<\/div>\n\t\t<div class=\"elementor-element elementor-element-838df6a e-con-full e-flex e-con e-child\" data-id=\"838df6a\" data-element_type=\"container\" data-e-type=\"container\">\n\t\t<div class=\"elementor-element elementor-element-f7c7684 e-con-full e-flex e-con e-child\" data-id=\"f7c7684\" data-element_type=\"container\" data-e-type=\"container\">\n\t\t\t\t<div class=\"elementor-element elementor-element-7fcef60 elementor-widget elementor-widget-heading\" data-id=\"7fcef60\" data-element_type=\"widget\" data-e-type=\"widget\" data-widget_type=\"heading.default\">\n\t\t\t\t<div class=\"elementor-widget-container\">\n\t\t\t\t\t<h2 class=\"elementor-heading-title elementor-size-default\">Board Members (2012-2023)<\/h2>\t\t\t\t<\/div>\n\t\t\t\t<\/div>\n\t\t\t\t<\/div>\n\t\t<div class=\"elementor-element elementor-element-c59b644 e-con-full e-flex e-con e-child\" data-id=\"c59b644\" data-element_type=\"container\" data-e-type=\"container\">\n\t\t<div class=\"elementor-element elementor-element-ae3e691 e-flex e-con-boxed e-con e-child\" data-id=\"ae3e691\" data-element_type=\"container\" data-e-type=\"container\" data-settings=\"{&quot;background_background&quot;:&quot;classic&quot;}\">\n\t\t\t\t\t<div class=\"e-con-inner\">\n\t\t\t\t<div class=\"elementor-element elementor-element-37776eb elementor-widget elementor-widget-text-editor\" data-id=\"37776eb\" data-element_type=\"widget\" data-e-type=\"widget\" data-widget_type=\"text-editor.default\">\n\t\t\t\t<div class=\"elementor-widget-container\">\n\t\t\t\t\t\t\t\t\t<p>Yolanda de la Luz Aguilar Urizar<br \/>Mar\u00eda Jos\u00e9 Aguilar Ponce<br \/>Alejandra Garavito Aguilar<br \/>Ana Mar\u00eda \u00c1lvarez Medrano<br \/>Mar\u00eda Jos\u00e9 P\u00e9rez Sian<br \/>Samantha Lee Sams<br \/>Ana Mar\u00eda de Lourdes Ard\u00f3n Quezada<\/p>\t\t\t\t\t\t\t\t<\/div>\n\t\t\t\t<\/div>\n\t\t\t\t\t<\/div>\n\t\t\t\t<\/div>\n\t\t<div class=\"elementor-element elementor-element-8962462 e-flex e-con-boxed e-con e-child\" data-id=\"8962462\" data-element_type=\"container\" data-e-type=\"container\" data-settings=\"{&quot;background_background&quot;:&quot;classic&quot;}\">\n\t\t\t\t\t<div class=\"e-con-inner\">\n\t\t\t\t<div class=\"elementor-element elementor-element-bc4a880 elementor-widget elementor-widget-text-editor\" data-id=\"bc4a880\" data-element_type=\"widget\" data-e-type=\"widget\" data-widget_type=\"text-editor.default\">\n\t\t\t\t<div class=\"elementor-widget-container\">\n\t\t\t\t\t\t\t\t\t<p>Mara Nohem\u00ed Valdez Quiroz<br \/>Claudia Marina Gait\u00e1n Arana<br \/>Alba Lucia Morales<br \/>Brenda Oliva<br \/>Juanita Bunch<br \/>M\u00f3nica Esperanza Pinz\u00f3n<br \/>Jose Herbert R. Bola\u00f1os Valenzuela<\/p>\t\t\t\t\t\t\t\t<\/div>\n\t\t\t\t<\/div>\n\t\t\t\t\t<\/div>\n\t\t\t\t<\/div>\n\t\t<div class=\"elementor-element elementor-element-44de90e e-flex e-con-boxed e-con e-child\" data-id=\"44de90e\" data-element_type=\"container\" data-e-type=\"container\" data-settings=\"{&quot;background_background&quot;:&quot;classic&quot;}\">\n\t\t\t\t\t<div class=\"e-con-inner\">\n\t\t\t\t<div class=\"elementor-element elementor-element-c6b9a27 elementor-widget elementor-widget-text-editor\" data-id=\"c6b9a27\" data-element_type=\"widget\" data-e-type=\"widget\" data-widget_type=\"text-editor.default\">\n\t\t\t\t<div class=\"elementor-widget-container\">\n\t\t\t\t\t\t\t\t\t<p>Pilar Isabel Salazar<br \/>Rub\u00e9n \u00c1vila Galvez<br \/>Amalia Jimenez Gal\u00e1n<br \/>Claudia Maria Graciela Orantes C\u00f3rdova<br \/>Argentina Gomez<br \/>Aisling Walsh<br \/>Maria Renne Gonzalez<\/p>\t\t\t\t\t\t\t\t<\/div>\n\t\t\t\t<\/div>\n\t\t\t\t\t<\/div>\n\t\t\t\t<\/div>\n\t\t\t\t<\/div>\n\t\t\t\t<\/div>\n\t\t<div class=\"elementor-element elementor-element-e37d48d e-con-full e-flex e-con e-child\" data-id=\"e37d48d\" data-element_type=\"container\" data-e-type=\"container\">\n\t\t<div class=\"elementor-element elementor-element-e48638a e-con-full e-flex e-con e-child\" data-id=\"e48638a\" data-element_type=\"container\" data-e-type=\"container\">\n\t\t\t\t<div class=\"elementor-element elementor-element-341bea6 elementor-widget elementor-widget-heading\" data-id=\"341bea6\" data-element_type=\"widget\" data-e-type=\"widget\" data-widget_type=\"heading.default\">\n\t\t\t\t<div class=\"elementor-widget-container\">\n\t\t\t\t\t<h2 class=\"elementor-heading-title elementor-size-default\">Therapists, co-therapists and observers:<\/h2>\t\t\t\t<\/div>\n\t\t\t\t<\/div>\n\t\t\t\t<\/div>\n\t\t<div class=\"elementor-element elementor-element-a677d2e e-con-full e-flex e-con e-child\" data-id=\"a677d2e\" data-element_type=\"container\" data-e-type=\"container\">\n\t\t<div class=\"elementor-element elementor-element-1972df1 e-flex e-con-boxed e-con e-child\" data-id=\"1972df1\" data-element_type=\"container\" data-e-type=\"container\" data-settings=\"{&quot;background_background&quot;:&quot;classic&quot;}\">\n\t\t\t\t\t<div class=\"e-con-inner\">\n\t\t\t\t<div class=\"elementor-element elementor-element-e31d90b elementor-widget elementor-widget-text-editor\" data-id=\"e31d90b\" data-element_type=\"widget\" data-e-type=\"widget\" data-widget_type=\"text-editor.default\">\n\t\t\t\t<div class=\"elementor-widget-container\">\n\t\t\t\t\t\t\t\t\t<p>Yolanda Aguilar<br \/>Jacky Vivar<br \/>Lucia Mendoza<br \/>Mavis Rodriguez<br \/>Alejandra Garavito<br \/>Gilma Hernandez<br \/>Nelly del Cid<br \/>Maria Rene Gonzalez<br \/>Dayrin Chavez<\/p>\t\t\t\t\t\t\t\t<\/div>\n\t\t\t\t<\/div>\n\t\t\t\t\t<\/div>\n\t\t\t\t<\/div>\n\t\t<div class=\"elementor-element elementor-element-a948c4a e-flex e-con-boxed e-con e-child\" data-id=\"a948c4a\" data-element_type=\"container\" data-e-type=\"container\" data-settings=\"{&quot;background_background&quot;:&quot;classic&quot;}\">\n\t\t\t\t\t<div class=\"e-con-inner\">\n\t\t\t\t<div class=\"elementor-element elementor-element-3df95ae elementor-widget elementor-widget-text-editor\" data-id=\"3df95ae\" data-element_type=\"widget\" data-e-type=\"widget\" data-widget_type=\"text-editor.default\">\n\t\t\t\t<div class=\"elementor-widget-container\">\n\t\t\t\t\t\t\t\t\t<p>Maria Reyes<br \/>Argentina Gomez<br \/>Leka Paz<br \/>Yadira Monterroso<br \/>Amalia Jimenez<br \/>Celeste Mayorga<br \/>Ingris Masvely del Cid Gutierrez<\/p><p>\u00a0<\/p>\t\t\t\t\t\t\t\t<\/div>\n\t\t\t\t<\/div>\n\t\t\t\t\t<\/div>\n\t\t\t\t<\/div>\n\t\t<div class=\"elementor-element elementor-element-1e11251 e-flex e-con-boxed e-con e-child\" data-id=\"1e11251\" data-element_type=\"container\" data-e-type=\"container\" data-settings=\"{&quot;background_background&quot;:&quot;classic&quot;}\">\n\t\t\t\t\t<div class=\"e-con-inner\">\n\t\t\t\t<div class=\"elementor-element elementor-element-3e31523 elementor-widget elementor-widget-text-editor\" data-id=\"3e31523\" data-element_type=\"widget\" data-e-type=\"widget\" data-widget_type=\"text-editor.default\">\n\t\t\t\t<div class=\"elementor-widget-container\">\n\t\t\t\t\t\t\t\t\t<p>Hermenegilda Argueta<br \/>Juanita Bunch<br \/>Nery Recinos<br \/>Lucie Costamagna<br \/>Oneldy Ortega<br \/>Laura S\u00e1nchez<br \/>Alejandra Arancibia<\/p>\t\t\t\t\t\t\t\t<\/div>\n\t\t\t\t<\/div>\n\t\t\t\t\t<\/div>\n\t\t\t\t<\/div>\n\t\t\t\t<\/div>\n\t\t\t\t<\/div>\n\t\t<div class=\"elementor-element elementor-element-49fb292 e-con-full e-flex e-con e-child\" data-id=\"49fb292\" data-element_type=\"container\" data-e-type=\"container\">\n\t\t<div class=\"elementor-element elementor-element-f5badc2 e-con-full e-flex e-con e-child\" data-id=\"f5badc2\" data-element_type=\"container\" data-e-type=\"container\">\n\t\t\t\t<div class=\"elementor-element elementor-element-3f082b0 elementor-widget elementor-widget-heading\" data-id=\"3f082b0\" data-element_type=\"widget\" data-e-type=\"widget\" data-widget_type=\"heading.default\">\n\t\t\t\t<div class=\"elementor-widget-container\">\n\t\t\t\t\t<h2 class=\"elementor-heading-title elementor-size-default\">Teachers different processes<\/h2>\t\t\t\t<\/div>\n\t\t\t\t<\/div>\n\t\t\t\t<\/div>\n\t\t<div class=\"elementor-element elementor-element-587db72 e-con-full e-flex e-con e-child\" data-id=\"587db72\" data-element_type=\"container\" data-e-type=\"container\">\n\t\t<div class=\"elementor-element elementor-element-88dcdfd e-flex e-con-boxed e-con e-child\" data-id=\"88dcdfd\" data-element_type=\"container\" data-e-type=\"container\" data-settings=\"{&quot;background_background&quot;:&quot;classic&quot;}\">\n\t\t\t\t\t<div class=\"e-con-inner\">\n\t\t\t\t<div class=\"elementor-element elementor-element-e572ac6 elementor-widget elementor-widget-text-editor\" data-id=\"e572ac6\" data-element_type=\"widget\" data-e-type=\"widget\" data-widget_type=\"text-editor.default\">\n\t\t\t\t<div class=\"elementor-widget-container\">\n\t\t\t\t\t\t\t\t\t<p>Yolanda Aguilar<br \/>Gabriela Miranda<br \/>Carmen Alvarez<br \/>Karla Trejo<br \/>Joanna Wetherborn<br \/>Pilar Salazar<br \/>Maria Jacinta Xon<br \/>Dorotea Gomez<br \/>Mar\u00eda Dolores Marroqu\u00edn<br \/>Corinne Lehr<br \/>Mar\u00eda Jos\u00e9 Aguilar<br \/>Aura Cumes<br \/>Dayrin Chavez<\/p>\t\t\t\t\t\t\t\t<\/div>\n\t\t\t\t<\/div>\n\t\t\t\t\t<\/div>\n\t\t\t\t<\/div>\n\t\t<div class=\"elementor-element elementor-element-0e83dac e-flex e-con-boxed e-con e-child\" data-id=\"0e83dac\" data-element_type=\"container\" data-e-type=\"container\" data-settings=\"{&quot;background_background&quot;:&quot;classic&quot;}\">\n\t\t\t\t\t<div class=\"e-con-inner\">\n\t\t\t\t<div class=\"elementor-element elementor-element-88db5ec elementor-widget elementor-widget-text-editor\" data-id=\"88db5ec\" data-element_type=\"widget\" data-e-type=\"widget\" data-widget_type=\"text-editor.default\">\n\t\t\t\t<div class=\"elementor-widget-container\">\n\t\t\t\t\t\t\t\t\t<p>Rina Rosa<br \/>Carolina Lafuentes<br \/>Edda Gaviola<br \/>Ana Lucia Ramazini<br \/>Gaby Monroy<br \/>Tonibelle Che<br \/>Amalia Jimenez<br \/>Camila Camarlengo<br \/>Mar\u00eda Reyes<br \/>Julia Esquivel<br \/>Alejandra Mendez<br \/>Lorena Cabnal<\/p>\t\t\t\t\t\t\t\t<\/div>\n\t\t\t\t<\/div>\n\t\t\t\t\t<\/div>\n\t\t\t\t<\/div>\n\t\t<div class=\"elementor-element elementor-element-2066ed4 e-flex e-con-boxed e-con e-child\" data-id=\"2066ed4\" data-element_type=\"container\" data-e-type=\"container\" data-settings=\"{&quot;background_background&quot;:&quot;classic&quot;}\">\n\t\t\t\t\t<div class=\"e-con-inner\">\n\t\t\t\t<div class=\"elementor-element elementor-element-e31bba9 elementor-widget elementor-widget-text-editor\" data-id=\"e31bba9\" data-element_type=\"widget\" data-e-type=\"widget\" data-widget_type=\"text-editor.default\">\n\t\t\t\t<div class=\"elementor-widget-container\">\n\t\t\t\t\t\t\t\t\t<p>Marta Tuyuc<br \/>Norma Sancir<br \/>Catalina Garc\u00eda<br \/>Claudia Gaitan<br \/>Cristina Quiroa<br \/>Alejandra Garavito<br \/>Claudia Acevedo<br \/>Alba Cecilia M\u00e9rida<br \/>Lizeth Jim\u00e9nez<\/p>\t\t\t\t\t\t\t\t<\/div>\n\t\t\t\t<\/div>\n\t\t\t\t\t<\/div>\n\t\t\t\t<\/div>\n\t\t\t\t<\/div>\n\t\t\t\t<\/div>\n\t\t<div class=\"elementor-element elementor-element-84a0676 e-con-full e-flex e-con e-child\" data-id=\"84a0676\" data-element_type=\"container\" data-e-type=\"container\">\n\t\t<div class=\"elementor-element elementor-element-2cdb997 e-con-full e-flex e-con e-child\" data-id=\"2cdb997\" data-element_type=\"container\" data-e-type=\"container\">\n\t\t\t\t<div class=\"elementor-element elementor-element-99f5d06 elementor-widget elementor-widget-heading\" data-id=\"99f5d06\" data-element_type=\"widget\" data-e-type=\"widget\" data-widget_type=\"heading.default\">\n\t\t\t\t<div class=\"elementor-widget-container\">\n\t\t\t\t\t<h2 class=\"elementor-heading-title elementor-size-default\">Friends and collaborators<\/h2>\t\t\t\t<\/div>\n\t\t\t\t<\/div>\n\t\t\t\t<\/div>\n\t\t<div class=\"elementor-element elementor-element-3fb5e71 e-con-full e-flex e-con e-child\" data-id=\"3fb5e71\" data-element_type=\"container\" data-e-type=\"container\">\n\t\t<div class=\"elementor-element elementor-element-bf5cc03 e-flex e-con-boxed e-con e-child\" data-id=\"bf5cc03\" data-element_type=\"container\" data-e-type=\"container\" data-settings=\"{&quot;background_background&quot;:&quot;classic&quot;}\">\n\t\t\t\t\t<div class=\"e-con-inner\">\n\t\t\t\t<div class=\"elementor-element elementor-element-dccd30b elementor-widget elementor-widget-text-editor\" data-id=\"dccd30b\" data-element_type=\"widget\" data-e-type=\"widget\" data-widget_type=\"text-editor.default\">\n\t\t\t\t<div class=\"elementor-widget-container\">\n\t\t\t\t\t\t\t\t\t<p>Enma Chirix<br \/>Francisca Alvarez<br \/>Francisca Gomez<br \/>Alejandra Castillo<br \/>Javier Reyes<br \/>Jose Luis y Kate Leiva<br \/>Luis Padilla<br \/>Patricia Ard\u00f3n<br \/>Stephany Gir\u00f3n -FCAM-<\/p>\t\t\t\t\t\t\t\t<\/div>\n\t\t\t\t<\/div>\n\t\t\t\t\t<\/div>\n\t\t\t\t<\/div>\n\t\t<div class=\"elementor-element elementor-element-b17189a e-flex e-con-boxed e-con e-child\" data-id=\"b17189a\" data-element_type=\"container\" data-e-type=\"container\" data-settings=\"{&quot;background_background&quot;:&quot;classic&quot;}\">\n\t\t\t\t\t<div class=\"e-con-inner\">\n\t\t\t\t<div class=\"elementor-element elementor-element-787c1a2 elementor-widget elementor-widget-text-editor\" data-id=\"787c1a2\" data-element_type=\"widget\" data-e-type=\"widget\" data-widget_type=\"text-editor.default\">\n\t\t\t\t<div class=\"elementor-widget-container\">\n\t\t\t\t\t\t\t\t\t<p>Iris Portillo -FGDH-<br \/>Mahishi Marroqu\u00edn<br \/>Rosario Castillo Bekker<br \/>Renee de Flores<br \/>Chiqui Ramirez<br \/>Luis Caal<br \/>Fernando Us<br \/>Virginia Axjup<br \/>Xiomara Campos<\/p>\t\t\t\t\t\t\t\t<\/div>\n\t\t\t\t<\/div>\n\t\t\t\t\t<\/div>\n\t\t\t\t<\/div>\n\t\t<div class=\"elementor-element elementor-element-be79ace e-flex e-con-boxed e-con e-child\" data-id=\"be79ace\" data-element_type=\"container\" data-e-type=\"container\" data-settings=\"{&quot;background_background&quot;:&quot;classic&quot;}\">\n\t\t\t\t\t<div class=\"e-con-inner\">\n\t\t\t\t<div class=\"elementor-element elementor-element-e16a144 elementor-widget elementor-widget-text-editor\" data-id=\"e16a144\" data-element_type=\"widget\" data-e-type=\"widget\" data-widget_type=\"text-editor.default\">\n\t\t\t\t<div class=\"elementor-widget-container\">\n\t\t\t\t\t\t\t\t\t<p>Helen Barrientos<br \/>Floridalma Perez<br \/>Marisol Gonz\u00e1lez<br \/>Laura S\u00e1nchez<br \/>Giulia Maero<br \/>\u00c1mbar Nict\u00e9<br \/>Karla C\u00e1ceres<br \/>Selvin Zavala<\/p>\t\t\t\t\t\t\t\t<\/div>\n\t\t\t\t<\/div>\n\t\t\t\t\t<\/div>\n\t\t\t\t<\/div>\n\t\t\t\t<\/div>\n\t\t\t\t<\/div>\n\t\t<div class=\"elementor-element elementor-element-2154247 e-con-full e-flex e-con e-child\" data-id=\"2154247\" data-element_type=\"container\" data-e-type=\"container\">\n\t\t<div class=\"elementor-element elementor-element-260671c e-flex e-con-boxed e-con e-child\" data-id=\"260671c\" data-element_type=\"container\" data-e-type=\"container\" data-settings=\"{&quot;background_background&quot;:&quot;classic&quot;}\">\n\t\t\t\t\t<div class=\"e-con-inner\">\n\t\t\t\t<div class=\"elementor-element elementor-element-238a94d elementor-widget elementor-widget-text-editor\" data-id=\"238a94d\" data-element_type=\"widget\" data-e-type=\"widget\" data-widget_type=\"text-editor.default\">\n\t\t\t\t<div class=\"elementor-widget-container\">\n\t\t\t\t\t\t\t\t\t<p>So many friends from Guatemala, Central America, Latin America and other parts of the world. Participants in accompaniment and training-healing processes.<\/p>\t\t\t\t\t\t\t\t<\/div>\n\t\t\t\t<\/div>\n\t\t\t\t\t<\/div>\n\t\t\t\t<\/div>\n\t\t<div class=\"elementor-element elementor-element-693fe21 e-con-full e-flex e-con e-child\" data-id=\"693fe21\" data-element_type=\"container\" data-e-type=\"container\">\n\t\t\t\t<div class=\"elementor-element elementor-element-351238f elementor-widget elementor-widget-heading\" data-id=\"351238f\" data-element_type=\"widget\" data-e-type=\"widget\" data-widget_type=\"heading.default\">\n\t\t\t\t<div class=\"elementor-widget-container\">\n\t\t\t\t\t<h2 class=\"elementor-heading-title elementor-size-default\">Thank you for being part of this great network<\/h2>\t\t\t\t<\/div>\n\t\t\t\t<\/div>\n\t\t\t\t<\/div>\n\t\t\t\t<\/div>\n\t\t\t\t<div class=\"elementor-element elementor-element-2003393 elementor-widget elementor-widget-spacer\" data-id=\"2003393\" data-element_type=\"widget\" data-e-type=\"widget\" data-widget_type=\"spacer.default\">\n\t\t\t\t<div class=\"elementor-widget-container\">\n\t\t\t\t\t\t\t<div class=\"elementor-spacer\">\n\t\t\t<div class=\"elementor-spacer-inner\"><\/div>\n\t\t<\/div>\n\t\t\t\t\t\t<\/div>\n\t\t\t\t<\/div>\n\t\t\t\t\t<\/div>\n\t\t\t\t<\/div>\n\t\t\t\t<\/div>","protected":false},"excerpt":{"rendered":"<p>Un homenaje y agradecimiento Integrantes del equipo en distintos momentos de centro Q&#8217;anil (2009-2023) Yolanda de la Luz Aguilar UrizarMar\u00eda Jos\u00e9 Aguilar PonceCarol Jacqueline Vivar L\u00f3pezAlba DonadoLucia MendozaMirza EscobarAlejandra Garavito AguilarJas GidaltiMavis Rodr\u00edguezLuz PanaderoNuma D\u00e1vila Alejandra MendezPaola OrellanaAna Luisa Gir\u00f3nAnabella Gir\u00f3nDayrin ChavezCorinne LehrPilar SalazarCeleste MayorgaLeka PazAmalia Jim\u00e9nez Ana Elisa MartinezOneldy OrtegaNaomi ValdezReyna ToyomFeliciana P\u00e9rezYadira MonterrosoCristina [&hellip;]<\/p>","protected":false},"author":1,"featured_media":0,"parent":0,"menu_order":0,"comment_status":"closed","ping_status":"closed","template":"","meta":{"_acf_changed":false,"footnotes":""},"class_list":["post-561","page","type-page","status-publish","hentry"],"acf":[],"_links":{"self":[{"href":"https:\/\/sanacionqanil.org.gt\/en\/wp-json\/wp\/v2\/pages\/561","targetHints":{"allow":["GET"]}}],"collection":[{"href":"https:\/\/sanacionqanil.org.gt\/en\/wp-json\/wp\/v2\/pages"}],"about":[{"href":"https:\/\/sanacionqanil.org.gt\/en\/wp-json\/wp\/v2\/types\/page"}],"author":[{"embeddable":true,"href":"https:\/\/sanacionqanil.org.gt\/en\/wp-json\/wp\/v2\/users\/1"}],"replies":[{"embeddable":true,"href":"https:\/\/sanacionqanil.org.gt\/en\/wp-json\/wp\/v2\/comments?post=561"}],"version-history":[{"count":83,"href":"https:\/\/sanacionqanil.org.gt\/en\/wp-json\/wp\/v2\/pages\/561\/revisions"}],"predecessor-version":[{"id":3808,"href":"https:\/\/sanacionqanil.org.gt\/en\/wp-json\/wp\/v2\/pages\/561\/revisions\/3808"}],"wp:attachment":[{"href":"https:\/\/sanacionqanil.org.gt\/en\/wp-json\/wp\/v2\/media?parent=561"}],"curies":[{"name":"wp","href":"https:\/\/api.w.org\/{rel}","templated":true}]}}