{"id":4822,"date":"2025-02-14T18:03:44","date_gmt":"2025-02-14T18:03:44","guid":{"rendered":"https:\/\/sanacionqanil.org.gt\/?page_id=4822"},"modified":"2026-03-20T23:11:52","modified_gmt":"2026-03-20T23:11:52","slug":"venta-de-libros-2","status":"publish","type":"page","link":"https:\/\/sanacionqanil.org.gt\/en\/venta-de-libros-2\/","title":{"rendered":"Venta de libros"},"content":{"rendered":"<div data-elementor-type=\"wp-page\" data-elementor-id=\"4822\" class=\"elementor elementor-4822\" data-elementor-post-type=\"page\">\n\t\t\t\t<div class=\"elementor-element elementor-element-a695918 e-flex e-con-boxed e-con e-parent\" data-id=\"a695918\" data-element_type=\"container\" data-e-type=\"container\" data-settings=\"{&quot;background_background&quot;:&quot;classic&quot;}\">\n\t\t\t\t\t<div class=\"e-con-inner\">\n\t\t\t\t<div class=\"elementor-element elementor-element-0770131 elementor-widget elementor-widget-spacer\" data-id=\"0770131\" data-element_type=\"widget\" data-e-type=\"widget\" data-widget_type=\"spacer.default\">\n\t\t\t\t<div class=\"elementor-widget-container\">\n\t\t\t\t\t\t\t<div class=\"elementor-spacer\">\n\t\t\t<div class=\"elementor-spacer-inner\"><\/div>\n\t\t<\/div>\n\t\t\t\t\t\t<\/div>\n\t\t\t\t<\/div>\n\t\t<div class=\"elementor-element elementor-element-f15d409 e-con-full e-flex e-con e-child\" data-id=\"f15d409\" data-element_type=\"container\" data-e-type=\"container\" data-settings=\"{&quot;background_background&quot;:&quot;classic&quot;}\">\n\t\t<div class=\"elementor-element elementor-element-f8dc24f e-con-full e-flex e-con e-child\" data-id=\"f8dc24f\" data-element_type=\"container\" data-e-type=\"container\">\n\t\t\t\t<div class=\"elementor-element elementor-element-60a8d4d elementor-widget-mobile__width-initial elementor-view-default elementor-widget elementor-widget-icon\" data-id=\"60a8d4d\" data-element_type=\"widget\" data-e-type=\"widget\" data-widget_type=\"icon.default\">\n\t\t\t\t<div class=\"elementor-widget-container\">\n\t\t\t\t\t\t\t<div class=\"elementor-icon-wrapper\">\n\t\t\t<div class=\"elementor-icon elementor-animation-rotate\">\n\t\t\t<svg aria-hidden=\"true\" class=\"e-font-icon-svg e-fas-arrow-left\" viewbox=\"0 0 448 512\" xmlns=\"http:\/\/www.w3.org\/2000\/svg\"><path d=\"M257.5 445.1l-22.2 22.2c-9.4 9.4-24.6 9.4-33.9 0L7 273c-9.4-9.4-9.4-24.6 0-33.9L201.4 44.7c9.4-9.4 24.6-9.4 33.9 0l22.2 22.2c9.5 9.5 9.3 25-.4 34.3L136.6 216H424c13.3 0 24 10.7 24 24v32c0 13.3-10.7 24-24 24H136.6l120.5 114.8c9.8 9.3 10 24.8.4 34.3z\"><\/path><\/svg>\t\t\t<\/div>\n\t\t<\/div>\n\t\t\t\t\t\t<\/div>\n\t\t\t\t<\/div>\n\t\t\t\t<div class=\"elementor-element elementor-element-c6ccfeb elementor-widget__width-initial elementor-widget-mobile__width-initial elementor-widget-laptop__width-initial elementor-widget elementor-widget-heading\" data-id=\"c6ccfeb\" data-element_type=\"widget\" data-e-type=\"widget\" data-widget_type=\"heading.default\">\n\t\t\t\t<div class=\"elementor-widget-container\">\n\t\t\t\t\t<h2 class=\"elementor-heading-title elementor-size-default\">Venta de libros<\/h2>\t\t\t\t<\/div>\n\t\t\t\t<\/div>\n\t\t\t\t<\/div>\n\t\t\t\t<\/div>\n\t\t\t\t\t<\/div>\n\t\t\t\t<\/div>\n\t\t<div class=\"elementor-element elementor-element-681ee69 e-flex e-con-boxed e-con e-parent\" data-id=\"681ee69\" data-element_type=\"container\" data-e-type=\"container\" id=\"Memoria\">\n\t\t\t\t\t<div class=\"e-con-inner\">\n\t\t\t\t<div class=\"elementor-element elementor-element-24aa342 elementor-widget elementor-widget-spacer\" data-id=\"24aa342\" data-element_type=\"widget\" data-e-type=\"widget\" data-widget_type=\"spacer.default\">\n\t\t\t\t<div class=\"elementor-widget-container\">\n\t\t\t\t\t\t\t<div class=\"elementor-spacer\">\n\t\t\t<div class=\"elementor-spacer-inner\"><\/div>\n\t\t<\/div>\n\t\t\t\t\t\t<\/div>\n\t\t\t\t<\/div>\n\t\t<div class=\"elementor-element elementor-element-94de888 e-grid e-con-boxed e-con e-child\" data-id=\"94de888\" data-element_type=\"container\" data-e-type=\"container\" data-settings=\"{&quot;background_background&quot;:&quot;classic&quot;}\">\n\t\t\t\t\t<div class=\"e-con-inner\">\n\t\t<div class=\"elementor-element elementor-element-769c502 e-con-full e-flex e-con e-child\" data-id=\"769c502\" data-element_type=\"container\" data-e-type=\"container\">\n\t\t\t\t<div class=\"elementor-element elementor-element-2819799 elementor-widget elementor-widget-text-editor\" data-id=\"2819799\" data-element_type=\"widget\" data-e-type=\"widget\" data-widget_type=\"text-editor.default\">\n\t\t\t\t<div class=\"elementor-widget-container\">\n\t\t\t\t\t\t\t\t\t<p>Centro Q&#8217;anil tiene una producci\u00f3n propia de l\u00edneas de investigaci\u00f3n, algunas ya impresas en formato f\u00edsico y digital las cuales puedes adquirir seg\u00fan el area geogr\u00e1fica en la que te encuentres, las cuales podr\u00e1s encontrar en esta secci\u00f3n. Con esto nos estar\u00e1s apoyando en la apuesta de sostenibilidad que tenemos:\u00a0<\/p>\t\t\t\t\t\t\t\t<\/div>\n\t\t\t\t<\/div>\n\t\t\t\t<\/div>\n\t\t\t\t<div class=\"elementor-element elementor-element-57e34f9 elementor-widget elementor-widget-image\" data-id=\"57e34f9\" data-element_type=\"widget\" data-e-type=\"widget\" data-widget_type=\"image.default\">\n\t\t\t\t<div class=\"elementor-widget-container\">\n\t\t\t\t\t\t\t\t\t\t\t\t\t\t\t<img fetchpriority=\"high\" decoding=\"async\" width=\"800\" height=\"534\" src=\"https:\/\/sanacionqanil.org.gt\/wp-content\/uploads\/2026\/03\/Venta-en-Guatemala-con-contacto-1024x683.png\" class=\"attachment-large size-large wp-image-5292\" alt=\"\" srcset=\"https:\/\/sanacionqanil.org.gt\/wp-content\/uploads\/2026\/03\/Venta-en-Guatemala-con-contacto-1024x683.png 1024w, https:\/\/sanacionqanil.org.gt\/wp-content\/uploads\/2026\/03\/Venta-en-Guatemala-con-contacto-300x200.png 300w, https:\/\/sanacionqanil.org.gt\/wp-content\/uploads\/2026\/03\/Venta-en-Guatemala-con-contacto-768x512.png 768w, https:\/\/sanacionqanil.org.gt\/wp-content\/uploads\/2026\/03\/Venta-en-Guatemala-con-contacto-18x12.png 18w, https:\/\/sanacionqanil.org.gt\/wp-content\/uploads\/2026\/03\/Venta-en-Guatemala-con-contacto.png 1536w\" sizes=\"(max-width: 800px) 100vw, 800px\" \/>\t\t\t\t\t\t\t\t\t\t\t\t\t\t\t<\/div>\n\t\t\t\t<\/div>\n\t\t\t\t\t<\/div>\n\t\t\t\t<\/div>\n\t\t\t\t\t<\/div>\n\t\t\t\t<\/div>\n\t\t<div class=\"elementor-element elementor-element-a97c32c e-flex e-con-boxed e-con e-parent\" data-id=\"a97c32c\" data-element_type=\"container\" data-e-type=\"container\">\n\t\t\t\t\t<div class=\"e-con-inner\">\n\t\t\t\t<div class=\"elementor-element elementor-element-031661e elementor-pagination-type-bullets elementor-arrows-position-inside elementor-pagination-position-outside elementor-widget elementor-widget-n-carousel\" data-id=\"031661e\" data-element_type=\"widget\" data-e-type=\"widget\" data-settings=\"{&quot;carousel_items&quot;:[{&quot;slide_title&quot;:&quot;Slide #1&quot;,&quot;_id&quot;:&quot;b1005bb&quot;},{&quot;slide_title&quot;:&quot;Slide #2&quot;,&quot;_id&quot;:&quot;634b30b&quot;},{&quot;slide_title&quot;:&quot;Slide #3&quot;,&quot;_id&quot;:&quot;6cf1741&quot;}],&quot;slides_to_show&quot;:&quot;1&quot;,&quot;slides_to_scroll&quot;:&quot;1&quot;,&quot;autoplay_speed&quot;:1000,&quot;speed&quot;:1000,&quot;slides_to_show_tablet&quot;:&quot;2&quot;,&quot;slides_to_show_mobile&quot;:&quot;1&quot;,&quot;autoplay&quot;:&quot;yes&quot;,&quot;pause_on_hover&quot;:&quot;yes&quot;,&quot;pause_on_interaction&quot;:&quot;yes&quot;,&quot;arrows&quot;:&quot;yes&quot;,&quot;pagination&quot;:&quot;bullets&quot;,&quot;image_spacing_custom&quot;:{&quot;unit&quot;:&quot;px&quot;,&quot;size&quot;:10,&quot;sizes&quot;:[]},&quot;image_spacing_custom_widescreen&quot;:{&quot;unit&quot;:&quot;px&quot;,&quot;size&quot;:&quot;&quot;,&quot;sizes&quot;:[]},&quot;image_spacing_custom_laptop&quot;:{&quot;unit&quot;:&quot;px&quot;,&quot;size&quot;:&quot;&quot;,&quot;sizes&quot;:[]},&quot;image_spacing_custom_tablet&quot;:{&quot;unit&quot;:&quot;px&quot;,&quot;size&quot;:&quot;&quot;,&quot;sizes&quot;:[]},&quot;image_spacing_custom_mobile&quot;:{&quot;unit&quot;:&quot;px&quot;,&quot;size&quot;:&quot;&quot;,&quot;sizes&quot;:[]}}\" data-widget_type=\"nested-carousel.default\">\n\t\t\t\t<div class=\"elementor-widget-container\">\n\t\t\t\t\t\t\t<div class=\"e-n-carousel swiper\" role=\"region\" aria-roledescription=\"carousel\" aria-label=\"Carousel\" dir=\"ltr\">\n\t\t\t<div class=\"swiper-wrapper\" aria-live=\"off\">\n\t\t\t\t\t\t\t\t\t\t<div class=\"swiper-slide\" data-slide=\"1\" role=\"group\" aria-roledescription=\"slide\" aria-label=\"1 of 3\">\n\t\t\t\t\t\t\t<div class=\"elementor-element elementor-element-dbb106c e-flex e-con-boxed e-con e-child\" data-id=\"dbb106c\" data-element_type=\"container\" data-e-type=\"container\">\n\t\t\t\t\t<div class=\"e-con-inner\">\n\t\t\t\t<div class=\"elementor-element elementor-element-9b4e0e8 elementor-widget-tablet__width-initial elementor-widget elementor-widget-image\" data-id=\"9b4e0e8\" data-element_type=\"widget\" data-e-type=\"widget\" data-widget_type=\"image.default\">\n\t\t\t\t<div class=\"elementor-widget-container\">\n\t\t\t\t\t\t\t\t\t\t\t\t\t\t\t<img decoding=\"async\" width=\"604\" height=\"564\" src=\"https:\/\/sanacionqanil.org.gt\/wp-content\/uploads\/2025\/01\/Captura-de-pantalla-2025-01-30-145805.png\" class=\"attachment-medium_large size-medium_large wp-image-4764\" alt=\"\" srcset=\"https:\/\/sanacionqanil.org.gt\/wp-content\/uploads\/2025\/01\/Captura-de-pantalla-2025-01-30-145805.png 604w, https:\/\/sanacionqanil.org.gt\/wp-content\/uploads\/2025\/01\/Captura-de-pantalla-2025-01-30-145805-300x280.png 300w, https:\/\/sanacionqanil.org.gt\/wp-content\/uploads\/2025\/01\/Captura-de-pantalla-2025-01-30-145805-13x12.png 13w\" sizes=\"(max-width: 604px) 100vw, 604px\" \/>\t\t\t\t\t\t\t\t\t\t\t\t\t\t\t<\/div>\n\t\t\t\t<\/div>\n\t\t<div class=\"elementor-element elementor-element-d4065e9 e-con-full e-flex e-con e-child\" data-id=\"d4065e9\" data-element_type=\"container\" data-e-type=\"container\">\n\t\t\t\t<div class=\"elementor-element elementor-element-0a11375 elementor-widget-tablet__width-initial elementor-widget elementor-widget-heading\" data-id=\"0a11375\" data-element_type=\"widget\" data-e-type=\"widget\" data-widget_type=\"heading.default\">\n\t\t\t\t<div class=\"elementor-widget-container\">\n\t\t\t\t\t<h2 class=\"elementor-heading-title elementor-size-default\">Femestizajes<\/h2>\t\t\t\t<\/div>\n\t\t\t\t<\/div>\n\t\t\t\t<div class=\"elementor-element elementor-element-17e1c47 elementor-widget-tablet__width-initial elementor-widget elementor-widget-heading\" data-id=\"17e1c47\" data-element_type=\"widget\" data-e-type=\"widget\" data-widget_type=\"heading.default\">\n\t\t\t\t<div class=\"elementor-widget-container\">\n\t\t\t\t\t<h2 class=\"elementor-heading-title elementor-size-default\">Yolanda Aguilar<\/h2>\t\t\t\t<\/div>\n\t\t\t\t<\/div>\n\t\t\t\t<div class=\"elementor-element elementor-element-9351673 elementor-widget elementor-widget-text-editor\" data-id=\"9351673\" data-element_type=\"widget\" data-e-type=\"widget\" data-widget_type=\"text-editor.default\">\n\t\t\t\t<div class=\"elementor-widget-container\">\n\t\t\t\t\t\t\t\t\t<p>Para Yolanda Aguilar, nombrarse ladina-mestiza entendiendo la ladinidad como el aspecto que ha reproduco el racismo y el mestizaje la posici\u00f3n politica de lo que se ha negado es una urgencia que permite reconocer para transformar el tejido socialque se zurce en la vida cotidiana y que reclama como el m\u00e1s importante en los proyectos vitales de la sociedad.<\/p><p>Este crieterio es taqmbi\u00e9n una toma de posici\u00f3n que poropone un alto a las pr\u00e1cticas racistas que el feminismo y su herencia blanca colonia denuncia, pero que poco a destterrado de sus entra\u00f1as. \u00bfTolandaAguilar y las mujeres que hilaron este pensamiento cuestionan al movimiento feminista se\u00f1alando la responsabilidad de mirar sus privilegios en la cadena de la racializaci\u00f3n y hacerse cargo de la centarlidad de estos an\u00e1lisis antirracistas y heteronormativos para empular apuestas m\u00e1s vistales, a la altura del contexto actual.<\/p><p>En ese sentido este texto es sobre todo una revuelta.<\/p>\t\t\t\t\t\t\t\t<\/div>\n\t\t\t\t<\/div>\n\t\t\t\t<\/div>\n\t\t\t\t\t<\/div>\n\t\t\t\t<\/div>\n\t\t\t\t\t\t\t\t<\/div>\n\t\t\t\t\t\t\t\t\t\t\t<div class=\"swiper-slide\" data-slide=\"2\" role=\"group\" aria-roledescription=\"slide\" aria-label=\"2 of 3\">\n\t\t\t\t\t\t\t<div class=\"elementor-element elementor-element-5cc0ffd e-flex e-con-boxed e-con e-child\" data-id=\"5cc0ffd\" data-element_type=\"container\" data-e-type=\"container\">\n\t\t\t\t\t<div class=\"e-con-inner\">\n\t\t\t\t<div class=\"elementor-element elementor-element-844e061 elementor-widget-tablet__width-initial elementor-widget elementor-widget-image\" data-id=\"844e061\" data-element_type=\"widget\" data-e-type=\"widget\" data-widget_type=\"image.default\">\n\t\t\t\t<div class=\"elementor-widget-container\">\n\t\t\t\t\t\t\t\t\t\t\t\t\t\t\t<img decoding=\"async\" width=\"659\" height=\"561\" src=\"https:\/\/sanacionqanil.org.gt\/wp-content\/uploads\/2025\/02\/LCES-frente-smallerfile.jpg\" class=\"attachment-medium_large size-medium_large wp-image-4850\" alt=\"\" srcset=\"https:\/\/sanacionqanil.org.gt\/wp-content\/uploads\/2025\/02\/LCES-frente-smallerfile.jpg 659w, https:\/\/sanacionqanil.org.gt\/wp-content\/uploads\/2025\/02\/LCES-frente-smallerfile-300x255.jpg 300w, https:\/\/sanacionqanil.org.gt\/wp-content\/uploads\/2025\/02\/LCES-frente-smallerfile-14x12.jpg 14w\" sizes=\"(max-width: 659px) 100vw, 659px\" \/>\t\t\t\t\t\t\t\t\t\t\t\t\t\t\t<\/div>\n\t\t\t\t<\/div>\n\t\t<div class=\"elementor-element elementor-element-c44d963 e-con-full e-flex e-con e-child\" data-id=\"c44d963\" data-element_type=\"container\" data-e-type=\"container\">\n\t\t\t\t<div class=\"elementor-element elementor-element-18a1deb elementor-widget-tablet__width-initial elementor-widget elementor-widget-heading\" data-id=\"18a1deb\" data-element_type=\"widget\" data-e-type=\"widget\" data-widget_type=\"heading.default\">\n\t\t\t\t<div class=\"elementor-widget-container\">\n\t\t\t\t\t<h2 class=\"elementor-heading-title elementor-size-default\">\u00bfPor qu\u00e9 Cuerpos, Erotismos y Sexualidades?<\/h2>\t\t\t\t<\/div>\n\t\t\t\t<\/div>\n\t\t\t\t<div class=\"elementor-element elementor-element-c9ac8e2 elementor-widget-tablet__width-initial elementor-widget elementor-widget-heading\" data-id=\"c9ac8e2\" data-element_type=\"widget\" data-e-type=\"widget\" data-widget_type=\"heading.default\">\n\t\t\t\t<div class=\"elementor-widget-container\">\n\t\t\t\t\t<h2 class=\"elementor-heading-title elementor-size-default\">Centro Q'anil<\/h2>\t\t\t\t<\/div>\n\t\t\t\t<\/div>\n\t\t\t\t<div class=\"elementor-element elementor-element-feafa45 elementor-widget elementor-widget-text-editor\" data-id=\"feafa45\" data-element_type=\"widget\" data-e-type=\"widget\" data-widget_type=\"text-editor.default\">\n\t\t\t\t<div class=\"elementor-widget-container\">\n\t\t\t\t\t\t\t\t\t<p>Somos parte de una gran historia que a\u00fan no ha sido suficientemente contada: la historia de la humanidad escrita por mujeres diversas que transita entre opresiones, emanecipaciones y que, invevitablemente, atraviesa nuestras experiencias corporales, emocionales, hist\u00f3ricas, socioculturales, er\u00f3tico-sexuales. En esta sistematizaci\u00f3n de la experiencia del diplomado Cuerpos, Erostismos y Sexualidades, cuatro mujeres tejen sus aprendizajes con las historias de vida y las reflexiones de las personas que lo han cursado, asi como con las sabidur\u00edas de las maestras y las autoras que siguen siendo parte de estos recorridos, de estas b\u00fasquedas. Son nuestras pulsiones de vida las que dan sentido a lo que hacemos, ense\u00f1\u00e1ndonos las rutas que nos permiten sanar a quienes somos. Este texto nos habla de caminos llenos de esperanza.<\/p>\t\t\t\t\t\t\t\t<\/div>\n\t\t\t\t<\/div>\n\t\t\t\t<\/div>\n\t\t\t\t\t<\/div>\n\t\t\t\t<\/div>\n\t\t\t\t\t\t\t\t<\/div>\n\t\t\t\t\t\t\t\t\t\t\t<div class=\"swiper-slide\" data-slide=\"3\" role=\"group\" aria-roledescription=\"slide\" aria-label=\"3 of 3\">\n\t\t\t\t\t\t\t<div class=\"elementor-element elementor-element-d11ee70 e-flex e-con-boxed e-con e-child\" data-id=\"d11ee70\" data-element_type=\"container\" data-e-type=\"container\">\n\t\t\t\t\t<div class=\"e-con-inner\">\n\t\t\t\t<div class=\"elementor-element elementor-element-836858d elementor-widget-tablet__width-initial elementor-widget elementor-widget-image\" data-id=\"836858d\" data-element_type=\"widget\" data-e-type=\"widget\" data-widget_type=\"image.default\">\n\t\t\t\t<div class=\"elementor-widget-container\">\n\t\t\t\t\t\t\t\t\t\t\t\t\t\t\t<img loading=\"lazy\" decoding=\"async\" width=\"433\" height=\"562\" src=\"https:\/\/sanacionqanil.org.gt\/wp-content\/uploads\/2025\/04\/Captura-de-pantalla-2025-04-04-131743.png\" class=\"attachment-medium_large size-medium_large wp-image-4899\" alt=\"\" srcset=\"https:\/\/sanacionqanil.org.gt\/wp-content\/uploads\/2025\/04\/Captura-de-pantalla-2025-04-04-131743.png 433w, https:\/\/sanacionqanil.org.gt\/wp-content\/uploads\/2025\/04\/Captura-de-pantalla-2025-04-04-131743-231x300.png 231w, https:\/\/sanacionqanil.org.gt\/wp-content\/uploads\/2025\/04\/Captura-de-pantalla-2025-04-04-131743-9x12.png 9w\" sizes=\"(max-width: 433px) 100vw, 433px\" \/>\t\t\t\t\t\t\t\t\t\t\t\t\t\t\t<\/div>\n\t\t\t\t<\/div>\n\t\t<div class=\"elementor-element elementor-element-2a149ef e-con-full e-flex e-con e-child\" data-id=\"2a149ef\" data-element_type=\"container\" data-e-type=\"container\">\n\t\t\t\t<div class=\"elementor-element elementor-element-ef0d668 elementor-widget-tablet__width-initial elementor-widget elementor-widget-heading\" data-id=\"ef0d668\" data-element_type=\"widget\" data-e-type=\"widget\" data-widget_type=\"heading.default\">\n\t\t\t\t<div class=\"elementor-widget-container\">\n\t\t\t\t\t<h2 class=\"elementor-heading-title elementor-size-default\">Escucharnos, \"darnos cuenta\" y transformar<\/h2>\t\t\t\t<\/div>\n\t\t\t\t<\/div>\n\t\t\t\t<div class=\"elementor-element elementor-element-bc8e38f elementor-widget-tablet__width-initial elementor-widget elementor-widget-heading\" data-id=\"bc8e38f\" data-element_type=\"widget\" data-e-type=\"widget\" data-widget_type=\"heading.default\">\n\t\t\t\t<div class=\"elementor-widget-container\">\n\t\t\t\t\t<h2 class=\"elementor-heading-title elementor-size-default\">Centro Q'anil<\/h2>\t\t\t\t<\/div>\n\t\t\t\t<\/div>\n\t\t\t\t<div class=\"elementor-element elementor-element-2943c2f elementor-widget elementor-widget-text-editor\" data-id=\"2943c2f\" data-element_type=\"widget\" data-e-type=\"widget\" data-widget_type=\"text-editor.default\">\n\t\t\t\t<div class=\"elementor-widget-container\">\n\t\t\t\t\t\t\t\t\t<p>\u00a0T<span class=\"fontstyle0\">ienen entre sus manos un aporte \u00fanico a la sanaci\u00f3n como medio de transformaci\u00f3n social en Guatemala y Am\u00e9rica Latina. Una gu\u00eda conceptual para acompa\u00f1ar procesos de sentir, nombrar y resignificar duelos y malestares, para poder \u2013desde all\u00ed\u2013 convertir la energ\u00eda del dolor y la muerte en un renacer de placer y relacionamiento amoroso. Esto, con un abordaje profundamente integrativo y transformador. Un abordaje adem\u00e1s como pocos en el mundo\u2013, sensatamente contextualizado, que propone recuperar y sanar memorias corporales y culturales, de manera que exista un nuevo espacio ps\u00edquico desde donde las personas y los pueblos puedan liberarse.<\/span><\/p><p><span class=\"fontstyle0\">Este aporte a la deconstrucci\u00f3n de la memoria corporal dolorosa como medio de transformaci\u00f3n, primero a nivel personal y luego a nivel social, en contextos permeados por historias tan duras y desamorosas como la guatemalteca, constituye una contribuci\u00f3n valios\u00edsima a la esperanza y la trascendencia, tanto a nivel individual como colectivo.<\/span><\/p><p><span class=\"fontstyle0\">Que podamos so\u00f1ar con otra forma de vivir la vida, y construirla desde adentro hacia afuera, pasando por la sanaci\u00f3n interna hasta llegar a la transformaci\u00f3n de nuestras formas de relacionarnos con otras personas y con el mundo, nos abre <\/span><span class=\"fontstyle0\">a la posibilidad de la creaci\u00f3n de colectividades y sociedades distintas; ya no permeadas por las relaciones desiguales de poder patriarcal, ni por las violencias, ni por las carencias de amor.<\/span><\/p><p><span class=\"fontstyle0\">Como un tejido multicolor, desde Q\u2019anil se gesta y se despliega esta apuesta de sanaci\u00f3n-transformaci\u00f3n que hila la visi\u00f3n transpersonal de transmutaci\u00f3n individual con la propuesta feminista de cambio social, d\u00e1ndole forma original al partir de la corporeidad, del soma, del tacto, de lo er\u00f3tico como poder.<\/span><\/p><p><span class=\"fontstyle0\">Nos muestra c\u00f3mo, al llevar un proceso centrado en el cuerpo, podemos relajarnos y aprender a tocar la vida de otra manera, con afectos genuinos, en relaciones de buen trato, y en armon\u00eda con la comunidad y la naturaleza. Darnos cuenta que esta forma profundamente placentera de partir del erotismo para construir nuevos mundos, nos abre puertas a nuestro propio Ser y al sentido de la vida.<\/span><\/p><p><span class=\"fontstyle2\">Como dice Mary Oliver en su poema <\/span><span class=\"fontstyle3\">Gansos Salvajes:<\/span><\/p><p><span class=\"fontstyle3\">No tienes que ser buena.<\/span><\/p><p><span class=\"fontstyle3\">No tienes que caminar de rodillas cien millas por el desierto, arrepentida.<\/span><\/p><p><span class=\"fontstyle3\">Solo tienes que dejar que el suave animal de tu cuerpo ame lo que ama.<\/span><\/p><p><span class=\"fontstyle0\">A la comunidad de terapeutas transpersonales, Q\u2019anil nos insta a comenzar por escucharnos y sentirnos; por sanarnos, transformarnos y trascender nuestra propia dualidad \u2013desde nuestro cuerpo\u2013 antes de dedicarnos a la transformaci\u00f3n de la vida de otros. Con esta sabidur\u00eda, con la cuidadosa integraci\u00f3n de aportes te\u00f3ricos diversos en una sola propuesta conceptual y metodol\u00f3gica, y con el recordatorio de lo imprescindible que es la lectura del entorno para el desarrollo de un proceso humano, nos inspira a encontrar ese equilibrio entre lo interno y externo, entre el ser y estar, entre las c\u00e9lulas de nuestro cosmos interno y los gestos en nuestros intercambios sociales, como parte de nuestra responsabilidad en el acompa- \u00f1amiento a otras personas.<\/span><\/p><p><span class=\"fontstyle0\">Muy agradecida por su aporte, honro el trabajo de las compa\u00f1eras de Q\u2019anil y les deseo caminos repletos de gozo y satisfacci\u00f3n, en que siguen dejando que sus cuerpos amen lo que aman. No cabe duda que desde all\u00ed, seguir\u00e1n aportando al crecimiento y la transformaci\u00f3n de otras personas y de estos pueblos.<\/span><\/p><p><span class=\"fontstyle0\">Y a ustedes, lectores, les dejo con esta propuesta de la Terapia de Reencuentro al estilo latinoamericano; una propuesta viva que seguramente seguir\u00e1 ahond\u00e1ndose y expandi\u00e9ndose con aportes que aparecen en el camino de las compa\u00f1eras de Q\u2019anil, pero que desde ya existe como un regalo. Dest\u00e1penlo, disfr\u00fatenlo, cons\u00faltenlo una y otra vez, y gu\u00e1rdenlo en sus corazones.<\/span><\/p>\t\t\t\t\t\t\t\t<\/div>\n\t\t\t\t<\/div>\n\t\t\t\t<\/div>\n\t\t\t\t\t<\/div>\n\t\t\t\t<\/div>\n\t\t\t\t\t\t\t\t<\/div>\n\t\t\t\t\t\t\t\t<\/div>\n\t\t<\/div>\n\t\t\t\t\t<div class=\"elementor-swiper-button elementor-swiper-button-prev\" role=\"button\" tabindex=\"0\" aria-label=\"Previous\">\n\t\t\t\t<svg aria-hidden=\"true\" class=\"e-font-icon-svg e-eicon-chevron-left\" viewbox=\"0 0 1000 1000\" xmlns=\"http:\/\/www.w3.org\/2000\/svg\"><path d=\"M646 125C629 125 613 133 604 142L308 442C296 454 292 471 292 487 292 504 296 521 308 533L604 854C617 867 629 875 646 875 663 875 679 871 692 858 704 846 713 829 713 812 713 796 708 779 692 767L438 487 692 225C700 217 708 204 708 187 708 171 704 154 692 142 675 129 663 125 646 125Z\"><\/path><\/svg>\t\t\t<\/div>\n\t\t\t<div class=\"elementor-swiper-button elementor-swiper-button-next\" role=\"button\" tabindex=\"0\" aria-label=\"Next\">\n\t\t\t\t<svg aria-hidden=\"true\" class=\"e-font-icon-svg e-eicon-chevron-right\" viewbox=\"0 0 1000 1000\" xmlns=\"http:\/\/www.w3.org\/2000\/svg\"><path d=\"M696 533C708 521 713 504 713 487 713 471 708 454 696 446L400 146C388 133 375 125 354 125 338 125 325 129 313 142 300 154 292 171 292 187 292 204 296 221 308 233L563 492 304 771C292 783 288 800 288 817 288 833 296 850 308 863 321 871 338 875 354 875 371 875 388 867 400 854L696 533Z\"><\/path><\/svg>\t\t\t<\/div>\n\t\t\t\t\t<div class=\"swiper-pagination\"><\/div>\n\t\t\t\t\t\t<\/div>\n\t\t\t\t<\/div>\n\t\t\t\t\t<\/div>\n\t\t\t\t<\/div>\n\t\t\t\t<\/div>","protected":false},"excerpt":{"rendered":"<p>Venta de libros Centro Q&#8217;anil tiene una producci\u00f3n propia de l\u00edneas de investigaci\u00f3n, algunas ya impresas en formato f\u00edsico y digital las cuales puedes adquirir seg\u00fan el area geogr\u00e1fica en la que te encuentres, las cuales podr\u00e1s encontrar en esta secci\u00f3n. Con esto nos estar\u00e1s apoyando en la apuesta de sostenibilidad que tenemos:\u00a0 Femestizajes Yolanda [&hellip;]<\/p>","protected":false},"author":2,"featured_media":0,"parent":0,"menu_order":0,"comment_status":"closed","ping_status":"closed","template":"","meta":{"_acf_changed":false,"footnotes":""},"class_list":["post-4822","page","type-page","status-publish","hentry"],"acf":[],"_links":{"self":[{"href":"https:\/\/sanacionqanil.org.gt\/en\/wp-json\/wp\/v2\/pages\/4822","targetHints":{"allow":["GET"]}}],"collection":[{"href":"https:\/\/sanacionqanil.org.gt\/en\/wp-json\/wp\/v2\/pages"}],"about":[{"href":"https:\/\/sanacionqanil.org.gt\/en\/wp-json\/wp\/v2\/types\/page"}],"author":[{"embeddable":true,"href":"https:\/\/sanacionqanil.org.gt\/en\/wp-json\/wp\/v2\/users\/2"}],"replies":[{"embeddable":true,"href":"https:\/\/sanacionqanil.org.gt\/en\/wp-json\/wp\/v2\/comments?post=4822"}],"version-history":[{"count":46,"href":"https:\/\/sanacionqanil.org.gt\/en\/wp-json\/wp\/v2\/pages\/4822\/revisions"}],"predecessor-version":[{"id":5314,"href":"https:\/\/sanacionqanil.org.gt\/en\/wp-json\/wp\/v2\/pages\/4822\/revisions\/5314"}],"wp:attachment":[{"href":"https:\/\/sanacionqanil.org.gt\/en\/wp-json\/wp\/v2\/media?parent=4822"}],"curies":[{"name":"wp","href":"https:\/\/api.w.org\/{rel}","templated":true}]}}