{"id":3752,"date":"2024-05-22T06:53:27","date_gmt":"2024-05-22T06:53:27","guid":{"rendered":"https:\/\/sanacionqanil.org.gt\/?page_id=3752"},"modified":"2025-01-24T03:38:15","modified_gmt":"2025-01-24T03:38:15","slug":"memoria-historica-feminista","status":"publish","type":"page","link":"https:\/\/sanacionqanil.org.gt\/en\/memoria-historica-feminista\/","title":{"rendered":"Historical memory feminist"},"content":{"rendered":"<div data-elementor-type=\"wp-page\" data-elementor-id=\"3752\" class=\"elementor elementor-3752\" data-elementor-post-type=\"page\">\n\t\t\t\t<div class=\"elementor-element elementor-element-a695918 e-flex e-con-boxed e-con e-parent\" data-id=\"a695918\" data-element_type=\"container\" data-e-type=\"container\" data-settings=\"{&quot;background_background&quot;:&quot;classic&quot;}\">\n\t\t\t\t\t<div class=\"e-con-inner\">\n\t\t\t\t<div class=\"elementor-element elementor-element-0770131 elementor-widget elementor-widget-spacer\" data-id=\"0770131\" data-element_type=\"widget\" data-e-type=\"widget\" data-widget_type=\"spacer.default\">\n\t\t\t\t<div class=\"elementor-widget-container\">\n\t\t\t\t\t\t\t<div class=\"elementor-spacer\">\n\t\t\t<div class=\"elementor-spacer-inner\"><\/div>\n\t\t<\/div>\n\t\t\t\t\t\t<\/div>\n\t\t\t\t<\/div>\n\t\t<div class=\"elementor-element elementor-element-f15d409 e-con-full e-flex e-con e-child\" data-id=\"f15d409\" data-element_type=\"container\" data-e-type=\"container\" data-settings=\"{&quot;background_background&quot;:&quot;classic&quot;}\">\n\t\t<div class=\"elementor-element elementor-element-f8dc24f e-con-full e-flex e-con e-child\" data-id=\"f8dc24f\" data-element_type=\"container\" data-e-type=\"container\">\n\t\t\t\t<div class=\"elementor-element elementor-element-60a8d4d elementor-widget-mobile__width-initial elementor-view-default elementor-widget elementor-widget-icon\" data-id=\"60a8d4d\" data-element_type=\"widget\" data-e-type=\"widget\" data-widget_type=\"icon.default\">\n\t\t\t\t<div class=\"elementor-widget-container\">\n\t\t\t\t\t\t\t<div class=\"elementor-icon-wrapper\">\n\t\t\t<div class=\"elementor-icon elementor-animation-rotate\">\n\t\t\t<svg aria-hidden=\"true\" class=\"e-font-icon-svg e-fas-arrow-left\" viewbox=\"0 0 448 512\" xmlns=\"http:\/\/www.w3.org\/2000\/svg\"><path d=\"M257.5 445.1l-22.2 22.2c-9.4 9.4-24.6 9.4-33.9 0L7 273c-9.4-9.4-9.4-24.6 0-33.9L201.4 44.7c9.4-9.4 24.6-9.4 33.9 0l22.2 22.2c9.5 9.5 9.3 25-.4 34.3L136.6 216H424c13.3 0 24 10.7 24 24v32c0 13.3-10.7 24-24 24H136.6l120.5 114.8c9.8 9.3 10 24.8.4 34.3z\"><\/path><\/svg>\t\t\t<\/div>\n\t\t<\/div>\n\t\t\t\t\t\t<\/div>\n\t\t\t\t<\/div>\n\t\t\t\t<div class=\"elementor-element elementor-element-c6ccfeb elementor-widget__width-initial elementor-widget-mobile__width-initial elementor-widget-laptop__width-initial elementor-widget elementor-widget-heading\" data-id=\"c6ccfeb\" data-element_type=\"widget\" data-e-type=\"widget\" data-widget_type=\"heading.default\">\n\t\t\t\t<div class=\"elementor-widget-container\">\n\t\t\t\t\t<h2 class=\"elementor-heading-title elementor-size-default\">Memoria Hist\u00f3rica Feminista<\/h2>\t\t\t\t<\/div>\n\t\t\t\t<\/div>\n\t\t\t\t<\/div>\n\t\t\t\t<\/div>\n\t\t\t\t\t<\/div>\n\t\t\t\t<\/div>\n\t\t<div class=\"elementor-element elementor-element-34891b4 e-flex e-con-boxed e-con e-parent\" data-id=\"34891b4\" data-element_type=\"container\" data-e-type=\"container\" id=\"JuliaEsquivel\">\n\t\t\t\t\t<div class=\"e-con-inner\">\n\t\t\t\t<div class=\"elementor-element elementor-element-bcec81e elementor-widget elementor-widget-spacer\" data-id=\"bcec81e\" data-element_type=\"widget\" data-e-type=\"widget\" data-widget_type=\"spacer.default\">\n\t\t\t\t<div class=\"elementor-widget-container\">\n\t\t\t\t\t\t\t<div class=\"elementor-spacer\">\n\t\t\t<div class=\"elementor-spacer-inner\"><\/div>\n\t\t<\/div>\n\t\t\t\t\t\t<\/div>\n\t\t\t\t<\/div>\n\t\t\t\t<div class=\"elementor-element elementor-element-1825250 elementor-widget elementor-widget-image\" data-id=\"1825250\" data-element_type=\"widget\" data-e-type=\"widget\" data-widget_type=\"image.default\">\n\t\t\t\t<div class=\"elementor-widget-container\">\n\t\t\t\t\t\t\t\t\t\t\t\t\t\t\t<img fetchpriority=\"high\" decoding=\"async\" width=\"800\" height=\"452\" src=\"https:\/\/sanacionqanil.org.gt\/wp-content\/uploads\/2024\/07\/MemoriaFeminista1-1024x579.jpg\" class=\"attachment-large size-large wp-image-3825\" alt=\"\" srcset=\"https:\/\/sanacionqanil.org.gt\/wp-content\/uploads\/2024\/07\/MemoriaFeminista1-1024x579.jpg 1024w, https:\/\/sanacionqanil.org.gt\/wp-content\/uploads\/2024\/07\/MemoriaFeminista1-300x170.jpg 300w, https:\/\/sanacionqanil.org.gt\/wp-content\/uploads\/2024\/07\/MemoriaFeminista1-768x434.jpg 768w, https:\/\/sanacionqanil.org.gt\/wp-content\/uploads\/2024\/07\/MemoriaFeminista1-1536x868.jpg 1536w, https:\/\/sanacionqanil.org.gt\/wp-content\/uploads\/2024\/07\/MemoriaFeminista1-2048x1158.jpg 2048w, https:\/\/sanacionqanil.org.gt\/wp-content\/uploads\/2024\/07\/MemoriaFeminista1-18x10.jpg 18w\" sizes=\"(max-width: 800px) 100vw, 800px\" \/>\t\t\t\t\t\t\t\t\t\t\t\t\t\t\t<\/div>\n\t\t\t\t<\/div>\n\t\t\t\t<div class=\"elementor-element elementor-element-708a0d2 elementor-widget elementor-widget-spacer\" data-id=\"708a0d2\" data-element_type=\"widget\" data-e-type=\"widget\" data-widget_type=\"spacer.default\">\n\t\t\t\t<div class=\"elementor-widget-container\">\n\t\t\t\t\t\t\t<div class=\"elementor-spacer\">\n\t\t\t<div class=\"elementor-spacer-inner\"><\/div>\n\t\t<\/div>\n\t\t\t\t\t\t<\/div>\n\t\t\t\t<\/div>\n\t\t\t\t<div class=\"elementor-element elementor-element-9687d92 elementor-widget elementor-widget-heading\" data-id=\"9687d92\" data-element_type=\"widget\" data-e-type=\"widget\" id=\"CentroDoc\" data-widget_type=\"heading.default\">\n\t\t\t\t<div class=\"elementor-widget-container\">\n\t\t\t\t\t<h2 class=\"elementor-heading-title elementor-size-default\"><strong>DOCUMENTATION CENTRE JULIA ESQUIVEL:<\/strong><\/h2>\t\t\t\t<\/div>\n\t\t\t\t<\/div>\n\t\t<div class=\"elementor-element elementor-element-0aa808c e-flex e-con-boxed e-con e-child\" data-id=\"0aa808c\" data-element_type=\"container\" data-e-type=\"container\" data-settings=\"{&quot;background_background&quot;:&quot;classic&quot;}\">\n\t\t\t\t\t<div class=\"e-con-inner\">\n\t\t<div class=\"elementor-element elementor-element-85c0ddc e-con-full e-flex e-con e-child\" data-id=\"85c0ddc\" data-element_type=\"container\" data-e-type=\"container\">\n\t\t\t\t<div class=\"elementor-element elementor-element-2b215b8 elementor-widget elementor-widget-text-editor\" data-id=\"2b215b8\" data-element_type=\"widget\" data-e-type=\"widget\" data-widget_type=\"text-editor.default\">\n\t\t\t\t<div class=\"elementor-widget-container\">\n\t\t\t\t\t\t\t\t\t<p>The Documentation Centre of Julia Esquivel started in the year 2012. His intention from the beginning was to have an endowment of reference books and reading for those who participate in the courses and graduates of Center Q anil. We have now a Library and a Newspaper in the classified more 1670 books, all organized in Collections classified as Anthropology, Literature, Philosophy, Historical Memory, Thought, Transpersonal Psychology and guidance, Mayan Cosmovision, Memory, Bodies, and Sexualities, Feminisms, Methodology and teaching materials.<\/p><p>\u00a0<\/p><p>We also have a digital database in which you can consult all of these books, you are ready to be managed and provide services to the wizard, both participants and process community Q anil as students and investigadorxs invitadxs by Q anil. But we hope to improve the conditions of the blending to determine the way in which it might work open to the public. There is also approx. 140 reference materials in the space of a Newspaper library.<\/p>\t\t\t\t\t\t\t\t<\/div>\n\t\t\t\t<\/div>\n\t\t\t\t<\/div>\n\t\t\t\t\t<\/div>\n\t\t\t\t<\/div>\n\t\t\t\t<div class=\"elementor-element elementor-element-568622c elementor-widget elementor-widget-spacer\" data-id=\"568622c\" data-element_type=\"widget\" data-e-type=\"widget\" data-widget_type=\"spacer.default\">\n\t\t\t\t<div class=\"elementor-widget-container\">\n\t\t\t\t\t\t\t<div class=\"elementor-spacer\">\n\t\t\t<div class=\"elementor-spacer-inner\"><\/div>\n\t\t<\/div>\n\t\t\t\t\t\t<\/div>\n\t\t\t\t<\/div>\n\t\t\t\t<div class=\"elementor-element elementor-element-39cc9c7 elementor-widget-divider--view-line elementor-widget elementor-widget-divider\" data-id=\"39cc9c7\" data-element_type=\"widget\" data-e-type=\"widget\" data-widget_type=\"divider.default\">\n\t\t\t\t<div class=\"elementor-widget-container\">\n\t\t\t\t\t\t\t<div class=\"elementor-divider\">\n\t\t\t<span class=\"elementor-divider-separator\">\n\t\t\t\t\t\t<\/span>\n\t\t<\/div>\n\t\t\t\t\t\t<\/div>\n\t\t\t\t<\/div>\n\t\t\t\t\t<\/div>\n\t\t\t\t<\/div>\n\t\t<div class=\"elementor-element elementor-element-681ee69 e-flex e-con-boxed e-con e-parent\" data-id=\"681ee69\" data-element_type=\"container\" data-e-type=\"container\" id=\"Memoria\">\n\t\t\t\t\t<div class=\"e-con-inner\">\n\t\t\t\t<div class=\"elementor-element elementor-element-7a2b361 elementor-widget elementor-widget-image\" data-id=\"7a2b361\" data-element_type=\"widget\" data-e-type=\"widget\" data-widget_type=\"image.default\">\n\t\t\t\t<div class=\"elementor-widget-container\">\n\t\t\t\t\t\t\t\t\t\t\t\t\t\t\t<img decoding=\"async\" width=\"800\" height=\"452\" src=\"https:\/\/sanacionqanil.org.gt\/wp-content\/uploads\/2024\/07\/MemoriaFeminista2-1024x578.jpg\" class=\"attachment-large size-large wp-image-3827\" alt=\"\" srcset=\"https:\/\/sanacionqanil.org.gt\/wp-content\/uploads\/2024\/07\/MemoriaFeminista2-1024x578.jpg 1024w, https:\/\/sanacionqanil.org.gt\/wp-content\/uploads\/2024\/07\/MemoriaFeminista2-300x169.jpg 300w, https:\/\/sanacionqanil.org.gt\/wp-content\/uploads\/2024\/07\/MemoriaFeminista2-768x434.jpg 768w, https:\/\/sanacionqanil.org.gt\/wp-content\/uploads\/2024\/07\/MemoriaFeminista2-1536x867.jpg 1536w, https:\/\/sanacionqanil.org.gt\/wp-content\/uploads\/2024\/07\/MemoriaFeminista2-2048x1156.jpg 2048w, https:\/\/sanacionqanil.org.gt\/wp-content\/uploads\/2024\/07\/MemoriaFeminista2-18x10.jpg 18w\" sizes=\"(max-width: 800px) 100vw, 800px\" \/>\t\t\t\t\t\t\t\t\t\t\t\t\t\t\t<\/div>\n\t\t\t\t<\/div>\n\t\t\t\t<div class=\"elementor-element elementor-element-24aa342 elementor-widget elementor-widget-spacer\" data-id=\"24aa342\" data-element_type=\"widget\" data-e-type=\"widget\" data-widget_type=\"spacer.default\">\n\t\t\t\t<div class=\"elementor-widget-container\">\n\t\t\t\t\t\t\t<div class=\"elementor-spacer\">\n\t\t\t<div class=\"elementor-spacer-inner\"><\/div>\n\t\t<\/div>\n\t\t\t\t\t\t<\/div>\n\t\t\t\t<\/div>\n\t\t\t\t<div class=\"elementor-element elementor-element-f382857 elementor-widget elementor-widget-heading\" data-id=\"f382857\" data-element_type=\"widget\" data-e-type=\"widget\" id=\"Archivo\" data-widget_type=\"heading.default\">\n\t\t\t\t<div class=\"elementor-widget-container\">\n\t\t\t\t\t<h2 class=\"elementor-heading-title elementor-size-default\"><strong>ARCHIVE OF HISTORICAL MEMORY FEMINIST:<\/strong><\/h2>\t\t\t\t<\/div>\n\t\t\t\t<\/div>\n\t\t<div class=\"elementor-element elementor-element-94de888 e-flex e-con-boxed e-con e-child\" data-id=\"94de888\" data-element_type=\"container\" data-e-type=\"container\" data-settings=\"{&quot;background_background&quot;:&quot;classic&quot;}\">\n\t\t\t\t\t<div class=\"e-con-inner\">\n\t\t<div class=\"elementor-element elementor-element-769c502 e-con-full e-flex e-con e-child\" data-id=\"769c502\" data-element_type=\"container\" data-e-type=\"container\">\n\t\t\t\t<div class=\"elementor-element elementor-element-2819799 elementor-widget elementor-widget-text-editor\" data-id=\"2819799\" data-element_type=\"widget\" data-e-type=\"widget\" data-widget_type=\"text-editor.default\">\n\t\t\t\t<div class=\"elementor-widget-container\">\n\t\t\t\t\t\t\t\t\t<p>The File work of Historical Memory Feminist born in the year of 2019 when we decided to make an exhibition of materials and memories accumulated and produced in the first 10 years of travel of Center Q anil. In addition, a file of documents from 50 years of history feminist Central and Latin america.\u00a0<\/p><p>The way opened up by the Documentation Center of Center Q anil was vital, since the contributions of fellow began by identifying approaches and perspectives -that manages, it lives and accompanies the Centre-were fundamental to the display and <em>the first classification theoretical physical file<\/em>.<\/p><p>Today, we have a digital database of the materials sorted, classified in file physical that includes: Notes, meetings feminists in history, magazines, posters, newspapers, notebooks, methodologies of Center Q anil. The next step will be to digitize it.<\/p><p>Today, we are integrated in the same physical space -both the Centre of Documentation, as the File of Historical Memory Feminist, for that is possible in the brief to open it up to interested persons.<\/p>\t\t\t\t\t\t\t\t<\/div>\n\t\t\t\t<\/div>\n\t\t\t\t<\/div>\n\t\t\t\t\t<\/div>\n\t\t\t\t<\/div>\n\t\t\t\t<div class=\"elementor-element elementor-element-60dce87 elementor-widget elementor-widget-spacer\" data-id=\"60dce87\" data-element_type=\"widget\" data-e-type=\"widget\" data-widget_type=\"spacer.default\">\n\t\t\t\t<div class=\"elementor-widget-container\">\n\t\t\t\t\t\t\t<div class=\"elementor-spacer\">\n\t\t\t<div class=\"elementor-spacer-inner\"><\/div>\n\t\t<\/div>\n\t\t\t\t\t\t<\/div>\n\t\t\t\t<\/div>\n\t\t\t\t\t<\/div>\n\t\t\t\t<\/div>\n\t\t\t\t<\/div>","protected":false},"excerpt":{"rendered":"<p>Memoria Hist\u00f3rica Feminista CENTRO DE DOCUMENTACI\u00d3N JULIA ESQUIVEL: El Centro de Documentaci\u00f3n Julia Esquivel inicia en el a\u00f1o 2012. Su intenci\u00f3n fue desde el principio contar con una dotaci\u00f3n de libros de consulta y lectura para quienes participan en los cursos y diplomados de Centro Q\u2019anil. Contamos en la actualidad con una Biblioteca y Hemeroteca [&hellip;]<\/p>","protected":false},"author":2,"featured_media":0,"parent":0,"menu_order":0,"comment_status":"closed","ping_status":"closed","template":"","meta":{"_acf_changed":false,"footnotes":""},"class_list":["post-3752","page","type-page","status-publish","hentry"],"acf":[],"_links":{"self":[{"href":"https:\/\/sanacionqanil.org.gt\/en\/wp-json\/wp\/v2\/pages\/3752","targetHints":{"allow":["GET"]}}],"collection":[{"href":"https:\/\/sanacionqanil.org.gt\/en\/wp-json\/wp\/v2\/pages"}],"about":[{"href":"https:\/\/sanacionqanil.org.gt\/en\/wp-json\/wp\/v2\/types\/page"}],"author":[{"embeddable":true,"href":"https:\/\/sanacionqanil.org.gt\/en\/wp-json\/wp\/v2\/users\/2"}],"replies":[{"embeddable":true,"href":"https:\/\/sanacionqanil.org.gt\/en\/wp-json\/wp\/v2\/comments?post=3752"}],"version-history":[{"count":31,"href":"https:\/\/sanacionqanil.org.gt\/en\/wp-json\/wp\/v2\/pages\/3752\/revisions"}],"predecessor-version":[{"id":4716,"href":"https:\/\/sanacionqanil.org.gt\/en\/wp-json\/wp\/v2\/pages\/3752\/revisions\/4716"}],"wp:attachment":[{"href":"https:\/\/sanacionqanil.org.gt\/en\/wp-json\/wp\/v2\/media?parent=3752"}],"curies":[{"name":"wp","href":"https:\/\/api.w.org\/{rel}","templated":true}]}}