{"id":3093,"date":"2024-02-28T00:19:27","date_gmt":"2024-02-28T00:19:27","guid":{"rendered":"https:\/\/sanacionqanil.org.gt\/?page_id=3093"},"modified":"2025-01-24T03:24:58","modified_gmt":"2025-01-24T03:24:58","slug":"gestion-integral-participativa-sanando-colectividades","status":"publish","type":"page","link":"https:\/\/sanacionqanil.org.gt\/en\/gestion-integral-participativa-sanando-colectividades\/","title":{"rendered":"Support Services for Organizations"},"content":{"rendered":"<div data-elementor-type=\"wp-page\" data-elementor-id=\"3093\" class=\"elementor elementor-3093\" data-elementor-post-type=\"page\">\n\t\t\t\t<div class=\"elementor-element elementor-element-4492ed5 e-con-full e-flex e-con e-parent\" data-id=\"4492ed5\" data-element_type=\"container\" data-e-type=\"container\" data-settings=\"{&quot;background_background&quot;:&quot;classic&quot;}\">\n\t\t\t\t<div class=\"elementor-element elementor-element-8f3164a elementor-widget elementor-widget-spacer\" data-id=\"8f3164a\" data-element_type=\"widget\" data-e-type=\"widget\" data-widget_type=\"spacer.default\">\n\t\t\t\t<div class=\"elementor-widget-container\">\n\t\t\t\t\t\t\t<div class=\"elementor-spacer\">\n\t\t\t<div class=\"elementor-spacer-inner\"><\/div>\n\t\t<\/div>\n\t\t\t\t\t\t<\/div>\n\t\t\t\t<\/div>\n\t\t\t\t<\/div>\n\t\t<div class=\"elementor-element elementor-element-6e75767 e-con-full e-flex e-con e-parent\" data-id=\"6e75767\" data-element_type=\"container\" data-e-type=\"container\" data-settings=\"{&quot;background_background&quot;:&quot;classic&quot;}\">\n\t\t<div class=\"elementor-element elementor-element-4be4c91 e-con-full e-flex e-con e-child\" data-id=\"4be4c91\" data-element_type=\"container\" data-e-type=\"container\">\n\t\t\t\t<div class=\"elementor-element elementor-element-f6e5fde elementor-widget-mobile__width-initial elementor-view-default elementor-widget elementor-widget-icon\" data-id=\"f6e5fde\" data-element_type=\"widget\" data-e-type=\"widget\" data-widget_type=\"icon.default\">\n\t\t\t\t<div class=\"elementor-widget-container\">\n\t\t\t\t\t\t\t<div class=\"elementor-icon-wrapper\">\n\t\t\t<div class=\"elementor-icon elementor-animation-rotate\">\n\t\t\t<svg aria-hidden=\"true\" class=\"e-font-icon-svg e-fas-arrow-left\" viewbox=\"0 0 448 512\" xmlns=\"http:\/\/www.w3.org\/2000\/svg\"><path d=\"M257.5 445.1l-22.2 22.2c-9.4 9.4-24.6 9.4-33.9 0L7 273c-9.4-9.4-9.4-24.6 0-33.9L201.4 44.7c9.4-9.4 24.6-9.4 33.9 0l22.2 22.2c9.5 9.5 9.3 25-.4 34.3L136.6 216H424c13.3 0 24 10.7 24 24v32c0 13.3-10.7 24-24 24H136.6l120.5 114.8c9.8 9.3 10 24.8.4 34.3z\"><\/path><\/svg>\t\t\t<\/div>\n\t\t<\/div>\n\t\t\t\t\t\t<\/div>\n\t\t\t\t<\/div>\n\t\t\t\t<div class=\"elementor-element elementor-element-74a517a elementor-widget__width-initial elementor-widget-mobile__width-initial elementor-widget elementor-widget-heading\" data-id=\"74a517a\" data-element_type=\"widget\" data-e-type=\"widget\" data-widget_type=\"heading.default\">\n\t\t\t\t<div class=\"elementor-widget-container\">\n\t\t\t\t\t<h2 class=\"elementor-heading-title elementor-size-default\">Servicios de Acompa\u00f1amiento<br>for Organizations<\/h2>\t\t\t\t<\/div>\n\t\t\t\t<\/div>\n\t\t\t\t<\/div>\n\t\t\t\t<\/div>\n\t\t<div class=\"elementor-element elementor-element-fb53c51 e-flex e-con-boxed e-con e-parent\" data-id=\"fb53c51\" data-element_type=\"container\" data-e-type=\"container\" data-settings=\"{&quot;background_background&quot;:&quot;classic&quot;}\">\n\t\t\t\t\t<div class=\"e-con-inner\">\n\t\t\t\t<div class=\"elementor-element elementor-element-cb4ebb4 elementor-widget elementor-widget-spacer\" data-id=\"cb4ebb4\" data-element_type=\"widget\" data-e-type=\"widget\" data-widget_type=\"spacer.default\">\n\t\t\t\t<div class=\"elementor-widget-container\">\n\t\t\t\t\t\t\t<div class=\"elementor-spacer\">\n\t\t\t<div class=\"elementor-spacer-inner\"><\/div>\n\t\t<\/div>\n\t\t\t\t\t\t<\/div>\n\t\t\t\t<\/div>\n\t\t\t\t<div class=\"elementor-element elementor-element-6ab410b elementor-arrows-position-outside elementor-pagination-position-outside elementor-widget elementor-widget-image-carousel\" data-id=\"6ab410b\" data-element_type=\"widget\" data-e-type=\"widget\" data-settings=\"{&quot;image_spacing_custom&quot;:{&quot;unit&quot;:&quot;px&quot;,&quot;size&quot;:10,&quot;sizes&quot;:[]},&quot;navigation&quot;:&quot;both&quot;,&quot;autoplay&quot;:&quot;yes&quot;,&quot;pause_on_hover&quot;:&quot;yes&quot;,&quot;pause_on_interaction&quot;:&quot;yes&quot;,&quot;autoplay_speed&quot;:5000,&quot;infinite&quot;:&quot;yes&quot;,&quot;speed&quot;:500,&quot;image_spacing_custom_widescreen&quot;:{&quot;unit&quot;:&quot;px&quot;,&quot;size&quot;:&quot;&quot;,&quot;sizes&quot;:[]},&quot;image_spacing_custom_laptop&quot;:{&quot;unit&quot;:&quot;px&quot;,&quot;size&quot;:&quot;&quot;,&quot;sizes&quot;:[]},&quot;image_spacing_custom_tablet&quot;:{&quot;unit&quot;:&quot;px&quot;,&quot;size&quot;:&quot;&quot;,&quot;sizes&quot;:[]},&quot;image_spacing_custom_mobile&quot;:{&quot;unit&quot;:&quot;px&quot;,&quot;size&quot;:&quot;&quot;,&quot;sizes&quot;:[]}}\" data-widget_type=\"image-carousel.default\">\n\t\t\t\t<div class=\"elementor-widget-container\">\n\t\t\t\t\t\t\t<div class=\"elementor-image-carousel-wrapper swiper\" role=\"region\" aria-roledescription=\"carousel\" aria-label=\"Carrusel de im\u00e1genes\" dir=\"ltr\">\n\t\t\t<div class=\"elementor-image-carousel swiper-wrapper\" aria-live=\"off\">\n\t\t\t\t\t\t\t\t<div class=\"swiper-slide\" role=\"group\" aria-roledescription=\"slide\" aria-label=\"1 de 7\"><figure class=\"swiper-slide-inner\"><img decoding=\"async\" class=\"swiper-slide-image\" src=\"https:\/\/sanacionqanil.org.gt\/wp-content\/uploads\/2024\/05\/TR_ORG_1-768x576.jpg\" alt=\"TR_ORG_1\" \/><\/figure><\/div><div class=\"swiper-slide\" role=\"group\" aria-roledescription=\"slide\" aria-label=\"2 de 7\"><figure class=\"swiper-slide-inner\"><img decoding=\"async\" class=\"swiper-slide-image\" src=\"https:\/\/sanacionqanil.org.gt\/wp-content\/uploads\/2024\/05\/TR_ORG_2-768x576.jpeg\" alt=\"TR_ORG_2\" \/><\/figure><\/div><div class=\"swiper-slide\" role=\"group\" aria-roledescription=\"slide\" aria-label=\"3 de 7\"><figure class=\"swiper-slide-inner\"><img decoding=\"async\" class=\"swiper-slide-image\" src=\"https:\/\/sanacionqanil.org.gt\/wp-content\/uploads\/2024\/05\/TR_ORG_3-768x576.jpeg\" alt=\"TR_ORG_3\" \/><\/figure><\/div><div class=\"swiper-slide\" role=\"group\" aria-roledescription=\"slide\" aria-label=\"4 de 7\"><figure class=\"swiper-slide-inner\"><img decoding=\"async\" class=\"swiper-slide-image\" src=\"https:\/\/sanacionqanil.org.gt\/wp-content\/uploads\/2024\/05\/TR_ORG_4-768x600.jpg\" alt=\"Taller La Enredadera de la Mujer\" \/><\/figure><\/div><div class=\"swiper-slide\" role=\"group\" aria-roledescription=\"slide\" aria-label=\"5 de 7\"><figure class=\"swiper-slide-inner\"><img decoding=\"async\" class=\"swiper-slide-image\" src=\"https:\/\/sanacionqanil.org.gt\/wp-content\/uploads\/2024\/05\/TR_ORG_5-768x576.jpg\" alt=\"TR_ORG_5\" \/><\/figure><\/div><div class=\"swiper-slide\" role=\"group\" aria-roledescription=\"slide\" aria-label=\"6 de 7\"><figure class=\"swiper-slide-inner\"><img decoding=\"async\" class=\"swiper-slide-image\" src=\"https:\/\/sanacionqanil.org.gt\/wp-content\/uploads\/2024\/05\/TR_ORG_6-768x576.jpg\" alt=\"TR_ORG_6\" \/><\/figure><\/div><div class=\"swiper-slide\" role=\"group\" aria-roledescription=\"slide\" aria-label=\"7 de 7\"><figure class=\"swiper-slide-inner\"><img decoding=\"async\" class=\"swiper-slide-image\" src=\"https:\/\/sanacionqanil.org.gt\/wp-content\/uploads\/2024\/05\/TR_ORG_7-768x576.jpg\" alt=\"TR_ORG_7\" \/><\/figure><\/div>\t\t\t<\/div>\n\t\t\t\t\t\t\t\t\t\t\t\t<div class=\"elementor-swiper-button elementor-swiper-button-prev\" role=\"button\" tabindex=\"0\">\n\t\t\t\t\t\t<svg aria-hidden=\"true\" class=\"e-font-icon-svg e-eicon-chevron-left\" viewbox=\"0 0 1000 1000\" xmlns=\"http:\/\/www.w3.org\/2000\/svg\"><path d=\"M646 125C629 125 613 133 604 142L308 442C296 454 292 471 292 487 292 504 296 521 308 533L604 854C617 867 629 875 646 875 663 875 679 871 692 858 704 846 713 829 713 812 713 796 708 779 692 767L438 487 692 225C700 217 708 204 708 187 708 171 704 154 692 142 675 129 663 125 646 125Z\"><\/path><\/svg>\t\t\t\t\t<\/div>\n\t\t\t\t\t<div class=\"elementor-swiper-button elementor-swiper-button-next\" role=\"button\" tabindex=\"0\">\n\t\t\t\t\t\t<svg aria-hidden=\"true\" class=\"e-font-icon-svg e-eicon-chevron-right\" viewbox=\"0 0 1000 1000\" xmlns=\"http:\/\/www.w3.org\/2000\/svg\"><path d=\"M696 533C708 521 713 504 713 487 713 471 708 454 696 446L400 146C388 133 375 125 354 125 338 125 325 129 313 142 300 154 292 171 292 187 292 204 296 221 308 233L563 492 304 771C292 783 288 800 288 817 288 833 296 850 308 863 321 871 338 875 354 875 371 875 388 867 400 854L696 533Z\"><\/path><\/svg>\t\t\t\t\t<\/div>\n\t\t\t\t\n\t\t\t\t\t\t\t\t\t<div class=\"swiper-pagination\"><\/div>\n\t\t\t\t\t\t\t\t\t<\/div>\n\t\t\t\t\t\t<\/div>\n\t\t\t\t<\/div>\n\t\t<div class=\"elementor-element elementor-element-669d225 e-flex e-con-boxed e-con e-child\" data-id=\"669d225\" data-element_type=\"container\" data-e-type=\"container\">\n\t\t\t\t\t<div class=\"e-con-inner\">\n\t\t\t\t<div class=\"elementor-element elementor-element-545a86f elementor-widget elementor-widget-spacer\" data-id=\"545a86f\" data-element_type=\"widget\" data-e-type=\"widget\" data-widget_type=\"spacer.default\">\n\t\t\t\t<div class=\"elementor-widget-container\">\n\t\t\t\t\t\t\t<div class=\"elementor-spacer\">\n\t\t\t<div class=\"elementor-spacer-inner\"><\/div>\n\t\t<\/div>\n\t\t\t\t\t\t<\/div>\n\t\t\t\t<\/div>\n\t\t<div class=\"elementor-element elementor-element-a824573 e-con-full e-flex e-con e-child\" data-id=\"a824573\" data-element_type=\"container\" data-e-type=\"container\">\n\t\t\t\t<div class=\"elementor-element elementor-element-c7d196a elementor-widget elementor-widget-text-editor\" data-id=\"c7d196a\" data-element_type=\"widget\" data-e-type=\"widget\" data-widget_type=\"text-editor.default\">\n\t\t\t\t<div class=\"elementor-widget-container\">\n\t\t\t\t\t\t\t\t\t<p><span style=\"font-weight: 400;\">Impulsamos procesos externos presenciales o virtuales (solicitados por las organizaciones) con la misma metodolog\u00eda de TR y\/o\u00a0 enfoques transpersonales dirigidos a organizaciones interesadas de igual manera en el trabajo de contenci\u00f3n emocional, autoconciencia, v\u00ednculos y duelos, seg\u00fan tiempos y posibilidades, siempre dirigidos a la transformaci\u00f3n de patrones internalizados y a la generaci\u00f3n de una cultura feminista de integralidad.\u00a0<\/span><\/p><p><span style=\"font-weight: 400;\">Can be a short process or medium-or long-range in the lines of work:<\/span><\/p><p><span style=\"font-weight: 400;\">a) Accompaniments of Therapy Reunion or accompaniments transpersonal.\u00a0<\/span><\/p><p><span style=\"font-weight: 400;\">(b) Processes of formation-healing with the subjects that focuses Q anil.<\/span><\/p><p><span style=\"font-weight: 400;\">c) Management Processes Integral (for healing organisations).\u00a0<\/span><\/p><p><span style=\"font-weight: 400;\">Our proposals are adapted to the conditions of community organizations, collective autogestionan, organizations with funding, funds of women, among others.<\/span><\/p>\t\t\t\t\t\t\t\t<\/div>\n\t\t\t\t<\/div>\n\t\t<div class=\"elementor-element elementor-element-6087d92 e-con-full e-flex e-con e-child\" data-id=\"6087d92\" data-element_type=\"container\" data-e-type=\"container\">\n\t\t\t\t<div class=\"elementor-element elementor-element-03c1754 elementor-widget elementor-widget-text-editor\" data-id=\"03c1754\" data-element_type=\"widget\" data-e-type=\"widget\" data-widget_type=\"text-editor.default\">\n\t\t\t\t<div class=\"elementor-widget-container\">\n\t\t\t\t\t\t\t\t\t<p><b>If you wish to request an accompaniment to your organization, collective or entity, please write to: <\/b><a href=\"mailto:acompanamientoexterno.qani@gmail.com\"><b>acompanamientoexterno.qani@gmail.com<\/b><\/a><\/p><p><b>or complete it directly in the form at this link:<\/b><\/p>\t\t\t\t\t\t\t\t<\/div>\n\t\t\t\t<\/div>\n\t\t\t\t<div class=\"elementor-element elementor-element-2132101 elementor-button-info elementor-align-center elementor-widget elementor-widget-button\" data-id=\"2132101\" data-element_type=\"widget\" data-e-type=\"widget\" data-widget_type=\"button.default\">\n\t\t\t\t<div class=\"elementor-widget-container\">\n\t\t\t\t\t\t\t\t\t<div class=\"elementor-button-wrapper\">\n\t\t\t\t\t<a class=\"elementor-button elementor-button-link elementor-size-sm elementor-animation-float\" href=\"https:\/\/docs.google.com\/forms\/d\/e\/1FAIpQLSfbb49VOf38BEBJ8TfaLAFkvOtzBddFs08H4PC15MBBXxPmrQ\/viewform\">\n\t\t\t\t\t\t<span class=\"elementor-button-content-wrapper\">\n\t\t\t\t\t\t\t\t\t<span class=\"elementor-button-text\">Fill in the form<\/span>\n\t\t\t\t\t<\/span>\n\t\t\t\t\t<\/a>\n\t\t\t\t<\/div>\n\t\t\t\t\t\t\t\t<\/div>\n\t\t\t\t<\/div>\n\t\t\t\t<\/div>\n\t\t\t\t<div class=\"elementor-element elementor-element-7b7b3b9 elementor-widget elementor-widget-elementskit-accordion\" data-id=\"7b7b3b9\" data-element_type=\"widget\" data-e-type=\"widget\" data-widget_type=\"elementskit-accordion.default\">\n\t\t\t\t<div class=\"elementor-widget-container\">\n\t\t\t\t\t<div class=\"ekit-wid-con\" >\n        <div class=\"elementskit-accordion accoedion-primary side-curve\" id=\"accordion-69e192b27199c\">\n\n            \n                <div class=\"elementskit-card active\">\n                    <div class=\"elementskit-card-header\" id=\"primaryHeading-0-7b7b3b9\">\n                        <a href=\"#collapse-256e71769e192b27199c\" class=\"ekit-accordion--toggler elementskit-btn-link collapsed\" data-ekit-toggle=\"collapse\" data-target=\"#Collapse-256e71769e192b27199c\" aria-expanded=\"true\" aria-controls=\"Collapse-256e71769e192b27199c\">\n                            \n                            <span class=\"ekit-accordion-title\">Accompanying Therapy of Reunion<\/span>\n\n                            \n                                <div class=\"ekit_accordion_icon_group\">\n                                    <div class=\"ekit_accordion_normal_icon\">\n                                        <!-- Normal Icon -->\n\t\t\t\t\t\t\t\t\t\t<i class=\"icon icon-down-arrow1\"><\/i>                                    <\/div>\n\n                                    <div class=\"ekit_accordion_active_icon\">\n                                        <!-- Active Icon -->\n\t\t\t\t\t\t\t\t\t\t<i class=\"icon icon-up-arrow\"><\/i>                                    <\/div>\n                                <\/div>\n\n                            \n                                                    <\/a>\n                    <\/div>\n\n                    <div id=\"Collapse-256e71769e192b27199c\" class=\"show collapse\" aria-labelledby=\"primaryHeading-0-7b7b3b9\" data-parent=\"#accordion-69e192b27199c\">\n\n                        <div class=\"elementskit-card-body ekit-accordion--content\">\n                            <p><span style=\"font-weight: 400\">We develop group processes accompanying emotional for people who accompany and people interested in linking your personal growth with its commitment to social transformation. Adult willing to be reviewed and move emotionally in symbolic places and everyday that have hurt them, to places most healthy and well-being.\u00a0<\/span><\/p><p><span style=\"font-weight: 400\">We promote processes that are especially aimed at people of Guatemala, Central America, and Spanish-speaking countries in Latin America. This implies accompany the group or organizations both in the territory of guatemala and its departments, as well as outside the country.<\/span><\/p>                        <\/div>\n\n                    <\/div>\n\n                <\/div><!-- .elementskit-card END -->\n\n                \n                <div class=\"elementskit-card\">\n                    <div class=\"elementskit-card-header\" id=\"primaryHeading-1-7b7b3b9\">\n                        <a href=\"#collapse-038a7e769e192b27199c\" class=\"ekit-accordion--toggler elementskit-btn-link collapsed\" data-ekit-toggle=\"collapse\" data-target=\"#Collapse-038a7e769e192b27199c\" aria-expanded=\"false\" aria-controls=\"Collapse-038a7e769e192b27199c\">\n                            \n                            <span class=\"ekit-accordion-title\">Accompanying with Comprehensive Management Participatory <\/span>\n\n                            \n                                <div class=\"ekit_accordion_icon_group\">\n                                    <div class=\"ekit_accordion_normal_icon\">\n                                        <!-- Normal Icon -->\n\t\t\t\t\t\t\t\t\t\t<i class=\"icon icon-down-arrow1\"><\/i>                                    <\/div>\n\n                                    <div class=\"ekit_accordion_active_icon\">\n                                        <!-- Active Icon -->\n\t\t\t\t\t\t\t\t\t\t<i class=\"icon icon-up-arrow\"><\/i>                                    <\/div>\n                                <\/div>\n\n                            \n                                                    <\/a>\n                    <\/div>\n\n                    <div id=\"Collapse-038a7e769e192b27199c\" class=\"collapse\" aria-labelledby=\"primaryHeading-1-7b7b3b9\" data-parent=\"#accordion-69e192b27199c\">\n\n                        <div class=\"elementskit-card-body ekit-accordion--content\">\n                            <p><span style=\"font-weight: 400\">We provide support to social groups and organizations so that they can review their ethical, political, organizational, internal\/external communication and economic practices, so that they can find ways to heal their ways of building collectively, in terms of decolonization and depatriarchalization.<\/span><\/p><p><span style=\"font-weight: 400\">We make this proposal to support work teams, and collective organizations, because we feel that we have accumulated many aches and pains as movements. It is reaching the point in our organizations stop to identify and name these realities, with the intention to set in that we will achieve growth by transforming as the movements, learn how to join us to ourselves and to the teams of which we are a part.\u00a0<\/span><\/p>                        <\/div>\n\n                    <\/div>\n\n                <\/div><!-- .elementskit-card END -->\n\n                \n                <div class=\"elementskit-card\">\n                    <div class=\"elementskit-card-header\" id=\"primaryHeading-2-7b7b3b9\">\n                        <a href=\"#collapse-0c3567a69e192b27199c\" class=\"ekit-accordion--toggler elementskit-btn-link collapsed\" data-ekit-toggle=\"collapse\" data-target=\"#Collapse-0c3567a69e192b27199c\" aria-expanded=\"false\" aria-controls=\"Collapse-0c3567a69e192b27199c\">\n                            \n                            <span class=\"ekit-accordion-title\">Other Accompaniments shorts<\/span>\n\n                            \n                                <div class=\"ekit_accordion_icon_group\">\n                                    <div class=\"ekit_accordion_normal_icon\">\n                                        <!-- Normal Icon -->\n\t\t\t\t\t\t\t\t\t\t<i class=\"icon icon-down-arrow1\"><\/i>                                    <\/div>\n\n                                    <div class=\"ekit_accordion_active_icon\">\n                                        <!-- Active Icon -->\n\t\t\t\t\t\t\t\t\t\t<i class=\"icon icon-up-arrow\"><\/i>                                    <\/div>\n                                <\/div>\n\n                            \n                                                    <\/a>\n                    <\/div>\n\n                    <div id=\"Collapse-0c3567a69e192b27199c\" class=\"collapse\" aria-labelledby=\"primaryHeading-2-7b7b3b9\" data-parent=\"#accordion-69e192b27199c\">\n\n                        <div class=\"elementskit-card-body ekit-accordion--content\">\n                            <p><span style=\"font-weight: 400\">Accompanied by various people and native people, mostly women and people of the community +LGTBIQ+, people with disabilities, people of the student movement, people who accompany others in processes of migration, healing and education. We implement the methodology of Therapy of a Reunion and methodologies transpersonal related. Adapt the methodology and approaches to the needs of the organization or collective applicant, taking into account the harmony of our political approach.<\/span><\/p><p><span style=\"font-weight: 400\">The most requested short format accompaniments have been self-care and self-knowledge workshops.<\/span><\/p>                        <\/div>\n\n                    <\/div>\n\n                <\/div><!-- .elementskit-card END -->\n\n                                        <\/div>\n    <\/div>\t\t\t\t<\/div>\n\t\t\t\t<\/div>\n\t\t\t\t<\/div>\n\t\t\t\t\t<\/div>\n\t\t\t\t<\/div>\n\t\t\t\t<div class=\"elementor-element elementor-element-76d4e46 elementor-widget elementor-widget-spacer\" data-id=\"76d4e46\" data-element_type=\"widget\" data-e-type=\"widget\" data-widget_type=\"spacer.default\">\n\t\t\t\t<div class=\"elementor-widget-container\">\n\t\t\t\t\t\t\t<div class=\"elementor-spacer\">\n\t\t\t<div class=\"elementor-spacer-inner\"><\/div>\n\t\t<\/div>\n\t\t\t\t\t\t<\/div>\n\t\t\t\t<\/div>\n\t\t\t\t\t<\/div>\n\t\t\t\t<\/div>\n\t\t\t\t<\/div>","protected":false},"excerpt":{"rendered":"<p>Servicios de Acompa\u00f1amientoa Organizaciones Impulsamos procesos externos presenciales o virtuales (solicitados por las organizaciones) con la misma metodolog\u00eda de TR y\/o\u00a0 enfoques transpersonales dirigidos a organizaciones interesadas de igual manera en el trabajo de contenci\u00f3n emocional, autoconciencia, v\u00ednculos y duelos, seg\u00fan tiempos y posibilidades, siempre dirigidos a la transformaci\u00f3n de patrones internalizados y a la [&hellip;]<\/p>","protected":false},"author":2,"featured_media":0,"parent":0,"menu_order":0,"comment_status":"closed","ping_status":"closed","template":"","meta":{"_acf_changed":false,"footnotes":""},"class_list":["post-3093","page","type-page","status-publish","hentry"],"acf":[],"_links":{"self":[{"href":"https:\/\/sanacionqanil.org.gt\/en\/wp-json\/wp\/v2\/pages\/3093","targetHints":{"allow":["GET"]}}],"collection":[{"href":"https:\/\/sanacionqanil.org.gt\/en\/wp-json\/wp\/v2\/pages"}],"about":[{"href":"https:\/\/sanacionqanil.org.gt\/en\/wp-json\/wp\/v2\/types\/page"}],"author":[{"embeddable":true,"href":"https:\/\/sanacionqanil.org.gt\/en\/wp-json\/wp\/v2\/users\/2"}],"replies":[{"embeddable":true,"href":"https:\/\/sanacionqanil.org.gt\/en\/wp-json\/wp\/v2\/comments?post=3093"}],"version-history":[{"count":45,"href":"https:\/\/sanacionqanil.org.gt\/en\/wp-json\/wp\/v2\/pages\/3093\/revisions"}],"predecessor-version":[{"id":4706,"href":"https:\/\/sanacionqanil.org.gt\/en\/wp-json\/wp\/v2\/pages\/3093\/revisions\/4706"}],"wp:attachment":[{"href":"https:\/\/sanacionqanil.org.gt\/en\/wp-json\/wp\/v2\/media?parent=3093"}],"curies":[{"name":"wp","href":"https:\/\/api.w.org\/{rel}","templated":true}]}}